{"id":123,"date":"2021-10-20T08:41:32","date_gmt":"2021-10-20T07:41:32","guid":{"rendered":"https:\/\/salonsendy.cz\/?page_id=123"},"modified":"2022-04-02T17:31:53","modified_gmt":"2022-04-02T16:31:53","slug":"galerie","status":"publish","type":"page","link":"http:\/\/salonsendy.cz\/index.php\/galerie\/","title":{"rendered":"Galerie"},"content":{"rendered":"\n<figure class=\"wp-block-gallery has-nested-images columns-default is-cropped wp-block-gallery-1 is-layout-flex wp-block-gallery-is-layout-flex\">\n<figure class=\"wp-block-image size-medium\"><img fetchpriority=\"high\" decoding=\"async\" width=\"225\" height=\"300\" data-id=\"204\" src=\"http:\/\/salonsendy.cz\/wp-content\/uploads\/2022\/01\/IMG_20211214_115552_edit_407989361926807-225x300.jpg\" alt=\"\" class=\"wp-image-204\" srcset=\"http:\/\/salonsendy.cz\/wp-content\/uploads\/2022\/01\/IMG_20211214_115552_edit_407989361926807-225x300.jpg 225w, http:\/\/salonsendy.cz\/wp-content\/uploads\/2022\/01\/IMG_20211214_115552_edit_407989361926807-768x1024.jpg 768w, http:\/\/salonsendy.cz\/wp-content\/uploads\/2022\/01\/IMG_20211214_115552_edit_407989361926807-1152x1536.jpg 1152w, http:\/\/salonsendy.cz\/wp-content\/uploads\/2022\/01\/IMG_20211214_115552_edit_407989361926807-1536x2048.jpg 1536w, http:\/\/salonsendy.cz\/wp-content\/uploads\/2022\/01\/IMG_20211214_115552_edit_407989361926807-scaled.jpg 1920w\" sizes=\"(max-width: 225px) 100vw, 225px\" \/><figcaption>qrf<\/figcaption><\/figure>\n\n\n\n<figure class=\"wp-block-image size-medium\"><img decoding=\"async\" width=\"207\" height=\"300\" data-id=\"203\" src=\"http:\/\/salonsendy.cz\/wp-content\/uploads\/2022\/01\/IMG_20211129_141627_edit_118267930454349-207x300.jpg\" alt=\"\" class=\"wp-image-203\" srcset=\"http:\/\/salonsendy.cz\/wp-content\/uploads\/2022\/01\/IMG_20211129_141627_edit_118267930454349-207x300.jpg 207w, http:\/\/salonsendy.cz\/wp-content\/uploads\/2022\/01\/IMG_20211129_141627_edit_118267930454349-705x1024.jpg 705w, http:\/\/salonsendy.cz\/wp-content\/uploads\/2022\/01\/IMG_20211129_141627_edit_118267930454349-768x1116.jpg 768w, http:\/\/salonsendy.cz\/wp-content\/uploads\/2022\/01\/IMG_20211129_141627_edit_118267930454349-1057x1536.jpg 1057w, http:\/\/salonsendy.cz\/wp-content\/uploads\/2022\/01\/IMG_20211129_141627_edit_118267930454349-1410x2048.jpg 1410w, http:\/\/salonsendy.cz\/wp-content\/uploads\/2022\/01\/IMG_20211129_141627_edit_118267930454349-scaled.jpg 1762w\" sizes=\"(max-width: 207px) 100vw, 207px\" \/><figcaption>qrf<\/figcaption><\/figure>\n\n\n\n<figure class=\"wp-block-image size-medium\"><img decoding=\"async\" width=\"191\" height=\"300\" data-id=\"4577\" src=\"http:\/\/salonsendy.cz\/wp-content\/uploads\/2022\/02\/bolon1-191x300.jpg\" alt=\"\" class=\"wp-image-4577\" srcset=\"http:\/\/salonsendy.cz\/wp-content\/uploads\/2022\/02\/bolon1-191x300.jpg 191w, http:\/\/salonsendy.cz\/wp-content\/uploads\/2022\/02\/bolon1-654x1024.jpg 654w, http:\/\/salonsendy.cz\/wp-content\/uploads\/2022\/02\/bolon1-768x1203.jpg 768w, http:\/\/salonsendy.cz\/wp-content\/uploads\/2022\/02\/bolon1.jpg 900w\" sizes=\"(max-width: 191px) 100vw, 191px\" \/><\/figure>\n\n\n\n<figure class=\"wp-block-image size-medium\"><img loading=\"lazy\" decoding=\"async\" width=\"675\" height=\"900\" data-id=\"4705\" src=\"http:\/\/salonsendy.cz\/wp-content\/uploads\/2022\/02\/lagota.jpg\" alt=\"\" class=\"wp-image-4705\" srcset=\"http:\/\/salonsendy.cz\/wp-content\/uploads\/2022\/02\/lagota.jpg 675w, http:\/\/salonsendy.cz\/wp-content\/uploads\/2022\/02\/lagota-225x300.jpg 225w\" sizes=\"(max-width: 675px) 100vw, 675px\" \/><\/figure>\n\n\n\n<figure class=\"wp-block-image size-medium\"><img loading=\"lazy\" decoding=\"async\" width=\"750\" height=\"1194\" data-id=\"4709\" src=\"http:\/\/salonsendy.cz\/wp-content\/uploads\/2022\/02\/bisonek-scaled-e1645706796446.jpg\" alt=\"\" class=\"wp-image-4709\"\/><\/figure>\n\n\n\n<figure class=\"wp-block-image size-medium\"><img loading=\"lazy\" decoding=\"async\" width=\"900\" height=\"1143\" data-id=\"4735\" src=\"http:\/\/salonsendy.cz\/wp-content\/uploads\/2022\/02\/baltazar.jpg\" alt=\"\" class=\"wp-image-4735\" srcset=\"http:\/\/salonsendy.cz\/wp-content\/uploads\/2022\/02\/baltazar.jpg 900w, http:\/\/salonsendy.cz\/wp-content\/uploads\/2022\/02\/baltazar-236x300.jpg 236w, http:\/\/salonsendy.cz\/wp-content\/uploads\/2022\/02\/baltazar-806x1024.jpg 806w, http:\/\/salonsendy.cz\/wp-content\/uploads\/2022\/02\/baltazar-768x975.jpg 768w\" sizes=\"(max-width: 900px) 100vw, 900px\" \/><\/figure>\n\n\n\n<figure class=\"wp-block-image size-medium\"><img loading=\"lazy\" decoding=\"async\" width=\"900\" height=\"1200\" data-id=\"4749\" src=\"http:\/\/salonsendy.cz\/wp-content\/uploads\/2022\/02\/Bobo4.jpg\" alt=\"\" class=\"wp-image-4749\" srcset=\"http:\/\/salonsendy.cz\/wp-content\/uploads\/2022\/02\/Bobo4.jpg 900w, http:\/\/salonsendy.cz\/wp-content\/uploads\/2022\/02\/Bobo4-225x300.jpg 225w, http:\/\/salonsendy.cz\/wp-content\/uploads\/2022\/02\/Bobo4-768x1024.jpg 768w\" sizes=\"(max-width: 900px) 100vw, 900px\" \/><figcaption>P\u0159ed<\/figcaption><\/figure>\n\n\n\n<figure class=\"wp-block-image size-medium\"><img loading=\"lazy\" decoding=\"async\" width=\"900\" height=\"1200\" data-id=\"4728\" src=\"http:\/\/salonsendy.cz\/wp-content\/uploads\/2022\/02\/Bobo2.jpg\" alt=\"\" class=\"wp-image-4728\" srcset=\"http:\/\/salonsendy.cz\/wp-content\/uploads\/2022\/02\/Bobo2.jpg 900w, http:\/\/salonsendy.cz\/wp-content\/uploads\/2022\/02\/Bobo2-225x300.jpg 225w, http:\/\/salonsendy.cz\/wp-content\/uploads\/2022\/02\/Bobo2-768x1024.jpg 768w\" sizes=\"(max-width: 900px) 100vw, 900px\" \/><figcaption>Po<\/figcaption><\/figure>\n\n\n\n<figure class=\"wp-block-image size-medium\"><img loading=\"lazy\" decoding=\"async\" width=\"900\" height=\"1600\" data-id=\"4751\" src=\"http:\/\/salonsendy.cz\/wp-content\/uploads\/2022\/02\/galerie7-1.jpg\" alt=\"\" class=\"wp-image-4751\" srcset=\"http:\/\/salonsendy.cz\/wp-content\/uploads\/2022\/02\/galerie7-1.jpg 900w, http:\/\/salonsendy.cz\/wp-content\/uploads\/2022\/02\/galerie7-1-169x300.jpg 169w, http:\/\/salonsendy.cz\/wp-content\/uploads\/2022\/02\/galerie7-1-576x1024.jpg 576w, http:\/\/salonsendy.cz\/wp-content\/uploads\/2022\/02\/galerie7-1-768x1365.jpg 768w, http:\/\/salonsendy.cz\/wp-content\/uploads\/2022\/02\/galerie7-1-864x1536.jpg 864w\" sizes=\"(max-width: 900px) 100vw, 900px\" \/><figcaption>Trimov\u00e1n\u00ed<\/figcaption><\/figure>\n\n\n\n<figure class=\"wp-block-image size-medium\"><img loading=\"lazy\" decoding=\"async\" width=\"252\" height=\"453\" data-id=\"4758\" src=\"http:\/\/salonsendy.cz\/wp-content\/uploads\/2022\/02\/jork.jpg\" alt=\"\" class=\"wp-image-4758\" srcset=\"http:\/\/salonsendy.cz\/wp-content\/uploads\/2022\/02\/jork.jpg 252w, http:\/\/salonsendy.cz\/wp-content\/uploads\/2022\/02\/jork-167x300.jpg 167w\" sizes=\"(max-width: 252px) 100vw, 252px\" \/><\/figure>\n\n\n\n<figure class=\"wp-block-image size-medium\"><img loading=\"lazy\" decoding=\"async\" width=\"900\" height=\"1200\" data-id=\"4729\" src=\"http:\/\/salonsendy.cz\/wp-content\/uploads\/2022\/02\/Bobo3.jpg\" alt=\"\" class=\"wp-image-4729\" srcset=\"http:\/\/salonsendy.cz\/wp-content\/uploads\/2022\/02\/Bobo3.jpg 900w, http:\/\/salonsendy.cz\/wp-content\/uploads\/2022\/02\/Bobo3-225x300.jpg 225w, http:\/\/salonsendy.cz\/wp-content\/uploads\/2022\/02\/Bobo3-768x1024.jpg 768w\" sizes=\"(max-width: 900px) 100vw, 900px\" \/><figcaption>P\u0159ed<\/figcaption><\/figure>\n\n\n\n<figure class=\"wp-block-image size-medium\"><img loading=\"lazy\" decoding=\"async\" width=\"900\" height=\"991\" data-id=\"4757\" src=\"http:\/\/salonsendy.cz\/wp-content\/uploads\/2022\/02\/bobo-1.jpg\" alt=\"\" class=\"wp-image-4757\" srcset=\"http:\/\/salonsendy.cz\/wp-content\/uploads\/2022\/02\/bobo-1.jpg 900w, http:\/\/salonsendy.cz\/wp-content\/uploads\/2022\/02\/bobo-1-272x300.jpg 272w, http:\/\/salonsendy.cz\/wp-content\/uploads\/2022\/02\/bobo-1-768x846.jpg 768w\" sizes=\"(max-width: 900px) 100vw, 900px\" \/><figcaption>Po<\/figcaption><\/figure>\n\n\n\n<figure class=\"wp-block-image size-medium\"><img loading=\"lazy\" decoding=\"async\" width=\"777\" height=\"800\" data-id=\"4903\" src=\"http:\/\/salonsendy.cz\/wp-content\/uploads\/2022\/03\/aprikot.jpg\" alt=\"\" class=\"wp-image-4903\" srcset=\"http:\/\/salonsendy.cz\/wp-content\/uploads\/2022\/03\/aprikot.jpg 777w, http:\/\/salonsendy.cz\/wp-content\/uploads\/2022\/03\/aprikot-291x300.jpg 291w, http:\/\/salonsendy.cz\/wp-content\/uploads\/2022\/03\/aprikot-768x791.jpg 768w\" sizes=\"(max-width: 777px) 100vw, 777px\" \/><\/figure>\n\n\n\n<figure class=\"wp-block-image size-medium\"><img loading=\"lazy\" decoding=\"async\" width=\"800\" height=\"728\" data-id=\"4925\" src=\"http:\/\/salonsendy.cz\/wp-content\/uploads\/2022\/04\/ircan.jpg\" alt=\"\" class=\"wp-image-4925\" srcset=\"http:\/\/salonsendy.cz\/wp-content\/uploads\/2022\/04\/ircan.jpg 800w, http:\/\/salonsendy.cz\/wp-content\/uploads\/2022\/04\/ircan-300x273.jpg 300w, http:\/\/salonsendy.cz\/wp-content\/uploads\/2022\/04\/ircan-768x699.jpg 768w\" sizes=\"(max-width: 800px) 100vw, 800px\" \/><figcaption>P\u0159ed trimov\u00e1n\u00edm<\/figcaption><\/figure>\n\n\n\n<figure class=\"wp-block-image size-medium\"><img loading=\"lazy\" decoding=\"async\" width=\"800\" height=\"816\" data-id=\"4926\" src=\"http:\/\/salonsendy.cz\/wp-content\/uploads\/2022\/04\/ircan2.jpg\" alt=\"\" class=\"wp-image-4926\" srcset=\"http:\/\/salonsendy.cz\/wp-content\/uploads\/2022\/04\/ircan2.jpg 800w, http:\/\/salonsendy.cz\/wp-content\/uploads\/2022\/04\/ircan2-294x300.jpg 294w, http:\/\/salonsendy.cz\/wp-content\/uploads\/2022\/04\/ircan2-768x783.jpg 768w\" sizes=\"(max-width: 800px) 100vw, 800px\" \/><figcaption>Vytrimovan\u00fd pes &#8211; pouze ru\u010dn\u00ed pr\u00e1ce<\/figcaption><\/figure>\n<\/figure>\n\n\n\n<p><\/p>\n","protected":false},"excerpt":{"rendered":"","protected":false},"author":1,"featured_media":0,"parent":0,"menu_order":0,"comment_status":"closed","ping_status":"closed","template":"templates\/page-nosidebar_template.php","meta":{"footnotes":""},"class_list":["post-123","page","type-page","status-publish","hentry"],"_links":{"self":[{"href":"http:\/\/salonsendy.cz\/index.php\/wp-json\/wp\/v2\/pages\/123","targetHints":{"allow":["GET"]}}],"collection":[{"href":"http:\/\/salonsendy.cz\/index.php\/wp-json\/wp\/v2\/pages"}],"about":[{"href":"http:\/\/salonsendy.cz\/index.php\/wp-json\/wp\/v2\/types\/page"}],"author":[{"embeddable":true,"href":"http:\/\/salonsendy.cz\/index.php\/wp-json\/wp\/v2\/users\/1"}],"replies":[{"embeddable":true,"href":"http:\/\/salonsendy.cz\/index.php\/wp-json\/wp\/v2\/comments?post=123"}],"version-history":[{"count":19,"href":"http:\/\/salonsendy.cz\/index.php\/wp-json\/wp\/v2\/pages\/123\/revisions"}],"predecessor-version":[{"id":4951,"href":"http:\/\/salonsendy.cz\/index.php\/wp-json\/wp\/v2\/pages\/123\/revisions\/4951"}],"wp:attachment":[{"href":"http:\/\/salonsendy.cz\/index.php\/wp-json\/wp\/v2\/media?parent=123"}],"curies":[{"name":"wp","href":"https:\/\/api.w.org\/{rel}","templated":true}]}}