{"id":135,"date":"2021-10-20T09:07:27","date_gmt":"2021-10-20T08:07:27","guid":{"rendered":"https:\/\/salonsendy.cz\/?page_id=135"},"modified":"2022-03-03T14:13:54","modified_gmt":"2022-03-03T13:13:54","slug":"o-psi-srsti","status":"publish","type":"page","link":"http:\/\/salonsendy.cz\/index.php\/o-psi-srsti\/","title":{"rendered":"O ps\u00ed srsti"},"content":{"rendered":"\n<p>B\u011bhem cca 15&nbsp;000 let, co n\u00e1s pes doprov\u00e1z\u00ed, jsme vy\u0161lechtili n\u011bkolik typ\u016f ps\u00ed srsti. D\u0159\u00edve pro praktick\u00e9 d\u016fvody, a nyn\u00ed i pro estetick\u00e9. Zde je stru\u010dn\u011b jejich rozd\u011blen\u00ed:<\/p>\n\n\n\n<h3 class=\"wp-block-heading\" id=\"1-hladkosrsti-psi\">&nbsp;<strong>1\/ Hladkosrst\u00ed psi:<\/strong><\/h3>\n\n\n\n<p>Zde je p\u00e9\u010de o srst minim\u00e1ln\u00ed. Srst je kr\u00e1tk\u00e1, nem\u00e1 podsadu. L\u00edn\u00e1 po cel\u00fd rok. Pro \u00fadr\u017ebu posta\u010d\u00ed gumov\u00e1 rukavice.<br>nap\u0159. pointer, ma\u010farsk\u00fd oha\u0159, dobrman, francouzsk\u00fd buldo\u010dek, basenji, hladkosrst\u00fd jezev\u010d\u00edk, hladkosrst\u00fd jack russell teri\u00e9r atd.<\/p>\n\n\n\n<h3 class=\"wp-block-heading\" id=\"2-kratkosrsti-psi\"><strong>2\/ Kr\u00e1tkosrst\u00ed psi:<\/strong><\/h3>\n\n\n\n<p>Tito psy maj\u00ed kr\u00e1tkou srst a podsadu, kterou bychom m\u011bli vy\u010des\u00e1vat. Na tuto srst byl vyvinut n\u00e1stroj, naz\u00fdvan\u00fd furmin\u00e1tor. Tento typ srsti je odoln\u011bj\u0161\u00ed ne\u017e u hladkosrst\u00fdch ps\u016f, ale i v\u00edce l\u00edn\u00e1.<br>nap\u0159. labradorsk\u00fd retriever, b\u00edgl, mops atd.<\/p>\n\n\n\n<figure class=\"wp-block-image size-medium\"><img fetchpriority=\"high\" decoding=\"async\" width=\"300\" height=\"225\" src=\"http:\/\/salonsendy.cz\/wp-content\/uploads\/2022\/03\/furminator-300x225.jpg\" alt=\"\" class=\"wp-image-4811\" srcset=\"http:\/\/salonsendy.cz\/wp-content\/uploads\/2022\/03\/furminator-300x225.jpg 300w, http:\/\/salonsendy.cz\/wp-content\/uploads\/2022\/03\/furminator-768x576.jpg 768w, http:\/\/salonsendy.cz\/wp-content\/uploads\/2022\/03\/furminator.jpg 960w\" sizes=\"(max-width: 300px) 100vw, 300px\" \/><\/figure>\n\n\n\n<h3 class=\"wp-block-heading\" id=\"3-tzv-kombinovana-srst\">&nbsp;<strong>3\/ Tzv. kombinovan\u00e1 srst:<\/strong><\/h3>\n\n\n\n<p>Tato srst se skl\u00e1d\u00e1 z&nbsp;kryc\u00ed srsti a podsady. Srst je na z\u00e1dech krat\u0161\u00ed a pevn\u011bj\u0161\u00ed a na noh\u00e1ch, b\u0159ichu, za u\u0161ima a zadn\u00ed \u010d\u00e1sti pod ocasem jemn\u011bj\u0161\u00ed a del\u0161\u00ed. Zde je d\u016fle\u017eit\u00e9 tuto jemn\u011bj\u0161\u00ed srst pravideln\u011b \u010desat, aby se netvo\u0159ily filce. Nevhodn\u00fd je v\u00fd\u0161e zm\u00edn\u011bn\u00fd furmin\u00e1tor, proto\u017ee m\u016f\u017ee del\u0161\u00ed srst poni\u010dit a ta po t\u00e9 poroste v\u00edce zvln\u011bn\u00e1. Stejn\u011b tak zni\u010d\u00ed tuto srst oholen\u00ed strojkem. &nbsp;Kryc\u00ed pevn\u00e1 srst se zcela zni\u010d\u00ed. Psi s&nbsp;touto srst\u00ed sez\u00f3nn\u011b l\u00ednaj\u00ed. N\u011bkdy po cel\u00fd rok.<br>nap\u0159. zlat\u00fd retriever, border kolie, dlouhosrst\u00fd jezev\u010d\u00edk, papillon, dlouhosrst\u00e1 \u010divava, kaval\u00edr king charles \u0161pan\u011bl atd.<\/p>\n\n\n\n<h3 class=\"wp-block-heading\" id=\"4-drsnosrsti-drive-dratosrsti-psi\"><strong>4\/ Drsnosrst\u00ed (d\u0159\u00edve dr\u00e1tosrst\u00ed) psi:<\/strong><\/h3>\n\n\n\n<p>Tato srst je velmi specifick\u00e1 a vy\u017eaduje speci\u00e1ln\u00ed \u00fapravu. U n\u011bkter\u00fdch plemen je tvrd\u00e1 srst po cel\u00e1m t\u011ble, u jin\u00fdch je srst na nohou jemn\u011bj\u0161\u00ed a m\u016f\u017ee se cuchat. <em><strong><a href=\"https:\/\/salonsendy.cz\/index.php\/trimovani\/\">V\u00edce o t\u00e9to srsti zde<\/a>.<\/strong><\/em><br>nap\u0159. foxteri\u00e9r, border teri\u00e9r, grifonci, irsk\u00fd vlkodav, kn\u00edra\u010di, italsk\u00fd spinone atd.<\/p>\n\n\n\n<h3 class=\"wp-block-heading\" id=\"5-dlouha-splyvava-srst\"><strong>5\/ Dlouh\u00e1 spl\u00fdvav\u00e1 srst:<\/strong><\/h3>\n\n\n\n<p>Tato plemena byla vy\u0161lecht\u011bna, aby m\u011bla dlouhou zpravidla jemnou srst. Srst p\u0159ipom\u00edn\u00e1 leskl\u00e9 hedv\u00e1bn\u00e9 vlasy. N\u011bkdy maj\u00ed podsadu. \u00dadajn\u011b tito psi nel\u00ednaj\u00ed. Ale i zde pes m\u00e1 odum\u0159el\u00e9 chlupy, kter\u00e9 sice ze psa samovoln\u011b nepadaj\u00ed, ale mus\u00ed se vy\u010des\u00e1vat. Pokud o srst spr\u00e1vn\u011b nepe\u010dujeme, zacuch\u00e1 se, vytvo\u0159\u00ed se filce a kolikr\u00e1t nezb\u00fdv\u00e1, ne\u017e psa oholit ma\u0161inkou. Tomuto typu srsti to nevad\u00ed, op\u011bt naroste dlouh\u00e1. V\u011bt\u0161ina t\u011bchto plemen se nyn\u00ed upravuje v&nbsp;salonech na krat\u0161\u00ed st\u0159ih. Nicm\u00e9n\u011b u srsti bobtaila a bearded kolie jsem vypozorovala zm\u011bnu struktury po oholen\u00ed ma\u0161inkou na v\u00edce vatovou. Velk\u00fd d\u016fraz klademe u \u010des\u00e1n\u00ed p\u0159i v\u00fdm\u011bn\u011b srsti u dop\u00edvaj\u00edc\u00edho psa. V tomto obdob\u00ed se v\u00edce cuch\u00e1. <strong><em><a href=\"https:\/\/salonsendy.cz\/index.php\/cesani-psa\/\">V\u00edce o \u010des\u00e1n\u00ed srsti zde<\/a><\/em><\/strong>. <br>nap\u0159. jork\u0161\u00edrsk\u00fd teri\u00e9r, havansk\u00fd ps\u00edk, malt\u00e9zsk\u00fd ps\u00edk, tibetsk\u00fd teri\u00e9r, shih tzu, lhasa apso, bobtail, briard<\/p>\n\n\n\n<figure class=\"wp-block-image size-full is-resized\"><img decoding=\"async\" src=\"http:\/\/salonsendy.cz\/wp-content\/uploads\/2022\/02\/biewer.jpg\" alt=\"\" class=\"wp-image-4688\" width=\"295\" height=\"221\" srcset=\"http:\/\/salonsendy.cz\/wp-content\/uploads\/2022\/02\/biewer.jpg 960w, http:\/\/salonsendy.cz\/wp-content\/uploads\/2022\/02\/biewer-300x225.jpg 300w, http:\/\/salonsendy.cz\/wp-content\/uploads\/2022\/02\/biewer-768x576.jpg 768w\" sizes=\"(max-width: 295px) 100vw, 295px\" \/><\/figure>\n\n\n\n<h3 class=\"wp-block-heading\" id=\"6-hedvabna-srst-kombinovana\"><strong>6\/ &nbsp;Hedv\u00e1bn\u00e1 srst kombinovan\u00e1:<\/strong><\/h3>\n\n\n\n<p>Tato srst je kombinac\u00ed s&nbsp;jemnou hedv\u00e1bnou srst\u00ed na noh\u00e1ch, b\u0159ichu, ocasu, pod ocasem a kr\u00e1tkou tvrdou srst\u00ed na z\u00e1dech, kterou trimujeme nebo vy\u010des\u00e1v\u00e1me trimovac\u00edma (vy\u010des\u00e1vac\u00edma hrabi\u010dkama. N\u011bkdy i speci\u00e1ln\u00ed pemzou. Hedv\u00e1bn\u00e9 chlupy mus\u00edme \u010desat h\u0159ebenem, kart\u00e1\u010dem, jinak se m\u016f\u017eou tvo\u0159it chuchance a filce. Holen\u00ed zad nebo u\u0161\u00ed u t\u00e9to srsti tento typ srst zjemn\u00ed a stane se sv\u011btlej\u0161\u00ed.<br>nap\u0159. irsk\u00fd setr, afg\u00e1nsk\u00fd chrt, anglick\u00fd kokr\u0161pan\u011bl, americk\u00fd kokr\u0161pan\u011bl, kaval\u00edr king charles \u0161pan\u011bl atd.<\/p>\n\n\n\n<h3 class=\"wp-block-heading\" id=\"7-srst-s-velmi-bohatou-podsadou\"><strong>7\/ Srst s&nbsp;velmi bohatou podsadou:<\/strong><\/h3>\n\n\n\n<p>Tito psy byli vy\u0161lecht\u011bni, aby m\u011bli srst odolnou pov\u011btrnostn\u00edm podm\u00ednk\u00e1m. Kryc\u00ed srst (pes\u00edky) m\u016f\u017ee b\u00fdt krat\u0161\u00ed nebo i dlouh\u00e1. U t\u00e9to srsti je vhodn\u00e9 minim\u00e1ln\u011b 2x ro\u010dn\u011b velmi d\u016fkladn\u011b vy\u010desat hustou podsadu. U dosp\u00edvaj\u00edch \u0161t\u011b\u0148at je d\u016fle\u017eit\u00e9 p\u0159i v\u00fdm\u011bn\u011b srsti po\u0159\u00e1dn\u011b \u0161t\u011bn\u011bc\u00ed srst vy\u010desat, pokud nevyl\u00edn\u00e1 sama. Zvl\u00e1\u0161t\u011b kolem zadn\u00ed \u010d\u00e1sti psa a na krku se m\u016f\u017eou tvo\u0159it filce, kter\u00fdm je nutn\u00e9 p\u0159edej\u00edt. Holen\u00ed ma\u0161inkou nen\u00ed pro tento typ srsti vhodn\u00e9. Srst se nen\u00e1vratn\u011b zni\u010d\u00ed. Kryc\u00ed srst u\u017e neroste, roste jen bohat\u00e1 podsada, kter\u00e1 m\u016f\u017ee vyl\u00ednat, a m\u016f\u017ee doj\u00edt k&nbsp;alopecii. Pes je pak \u00fapln\u011b bez srsti.<br>nap\u0159. sibi\u0159sk\u00fd husky, alja\u0161sk\u00fd malamut, samojed, wel\u0161korgi, dlouhosrst\u00e1 kolie, \u0161eltie, pomeranien, bernsk\u00fd sala\u0161nick\u00fd pes, novofundlansk\u00fd pes atd.<\/p>\n\n\n\n<figure class=\"wp-block-image size-large is-resized\"><img decoding=\"async\" src=\"http:\/\/salonsendy.cz\/wp-content\/uploads\/2022\/02\/foto1-1024x978.jpg\" alt=\"\" class=\"wp-image-4694\" width=\"256\" height=\"245\" srcset=\"http:\/\/salonsendy.cz\/wp-content\/uploads\/2022\/02\/foto1-1024x978.jpg 1024w, http:\/\/salonsendy.cz\/wp-content\/uploads\/2022\/02\/foto1-300x287.jpg 300w, http:\/\/salonsendy.cz\/wp-content\/uploads\/2022\/02\/foto1-768x734.jpg 768w, http:\/\/salonsendy.cz\/wp-content\/uploads\/2022\/02\/foto1-1536x1467.jpg 1536w, http:\/\/salonsendy.cz\/wp-content\/uploads\/2022\/02\/foto1-2048x1957.jpg 2048w\" sizes=\"(max-width: 256px) 100vw, 256px\" \/><\/figure>\n\n\n\n<h3 class=\"wp-block-heading\" id=\"8-kudrnata-a-vlnita-srst\"><strong>8\/ Kudrnat\u00e1 a vlnit\u00e1 srst:<\/strong><\/h3>\n\n\n\n<p>Typick\u00fd p\u0159edstavitel kudrnat\u00e9 srsti je pudl a vlnit\u00e9 portugalsk\u00fd vodn\u00ed pes. Tato srst \u00fadajn\u011b nel\u00edn\u00e1, av\u0161ak i u barbeta byl detekov\u00e1n gen MC5R pro l\u00ednavost. Zde chlupy nepadaj\u00ed ze psa, chlup z\u016fst\u00e1v\u00e1 v&nbsp;srsti, a pokud pravideln\u011b psa ne\u010de\u0161eme, tak se n\u00e1m brzy vytvo\u0159\u00ed cuchance, filce a nezb\u00fdv\u00e1 n\u011b\u017e psa oholit ma\u0161inkou. T\u00e9to srsti to a\u017e na vyj\u00edmky ne\u0161kod\u00ed, naopak prosp\u011bje. Srst potom roste bohat\u0161\u00ed, v\u00edce kudrnat\u00e1. (neplat\u00ed u pudla aprikot). <strong><em><a href=\"https:\/\/salonsendy.cz\/index.php\/cesani-psa\/\">V\u00edce o \u010des\u00e1n\u00ed srsti zde<\/a>.<\/em><\/strong><br>Nap\u0159. pudl, bi\u0161onek, rusk\u00e1 barevn\u00e1 bolo\u0148ka, bolo\u0148sk\u00fd ps\u00edk, kerry blue teri\u00e9r, portugalsk\u00fd vodn\u00ed pes<\/p>\n\n\n\n<h3 class=\"wp-block-heading\" id=\"9-srst-snurova\"><strong>9\/ Srst \u0161\u0148\u016frov\u00e1<\/strong><\/h3>\n\n\n\n<p>Z\u00a0n\u011bkter\u00e9 kvalitn\u00ed pudl\u00ed srsti, kterou ne\u010de\u0161eme, ale nech\u00e1me zapl\u00e9st do dred\u016f vytvo\u0159\u00edme \u0161\u0148\u00farov\u00e9 pudly. Pro n\u011bkter\u00e1 plemena je tato \u00faprava srsti typick\u00e1. Tato srst je velmi n\u00e1ro\u010dn\u00e1 na \u00fadr\u017ebu: su\u0161en\u00ed mokr\u00e9 srsti, vytv\u00e1\u0159en\u00ed \u0161\u0148ur. B\u011b\u017en\u011b je tato srst kudrnat\u00e1 nebo vlnit\u00e1. Nicm\u00e9n\u011b takto upraven\u00fd pes se nemus\u00ed \u010desat a nel\u00edn\u00e1.<br>nap\u0159. puli, komodor, \u0161\u0148\u00farov\u00fd pudl<\/p>\n\n\n\n<figure class=\"wp-block-image size-medium\"><img loading=\"lazy\" decoding=\"async\" width=\"300\" height=\"298\" src=\"http:\/\/salonsendy.cz\/wp-content\/uploads\/2022\/03\/snurovypudl-300x298.jpg\" alt=\"\" class=\"wp-image-4815\" srcset=\"http:\/\/salonsendy.cz\/wp-content\/uploads\/2022\/03\/snurovypudl-300x298.jpg 300w, http:\/\/salonsendy.cz\/wp-content\/uploads\/2022\/03\/snurovypudl-150x150.jpg 150w, http:\/\/salonsendy.cz\/wp-content\/uploads\/2022\/03\/snurovypudl-768x762.jpg 768w, http:\/\/salonsendy.cz\/wp-content\/uploads\/2022\/03\/snurovypudl.jpg 900w\" sizes=\"(max-width: 300px) 100vw, 300px\" \/><\/figure>\n\n\n\n<p>V&nbsp;dne\u0161n\u00ed dob\u011b vznikaj\u00ed st\u00e1le nov\u00e1 plemena jako nap\u0159. labradoodle, cockerpoo, kter\u00e1 maj\u00ed srst poka\u017ed\u00e9 jinou a proto jejich p\u00e9\u010de a \u00faprava u ka\u017ed\u00e9ho jedince odli\u0161n\u00e1.<\/p>\n","protected":false},"excerpt":{"rendered":"<p>B\u011bhem cca 15&nbsp;000 let, co n\u00e1s pes doprov\u00e1z\u00ed, jsme vy\u0161lechtili n\u011bkolik typ\u016f ps\u00ed srsti. D\u0159\u00edve pro praktick\u00e9 d\u016fvody, a nyn\u00ed i pro estetick\u00e9. Zde je stru\u010dn\u011b jejich rozd\u011blen\u00ed: &nbsp;1\/ Hladkosrst\u00ed psi: Zde je p\u00e9\u010de o srst minim\u00e1ln\u00ed. Srst je kr\u00e1tk\u00e1, nem\u00e1 podsadu. L\u00edn\u00e1 po cel\u00fd rok. Pro \u00fadr\u017ebu posta\u010d\u00ed gumov\u00e1 rukavice.nap\u0159. pointer, ma\u010farsk\u00fd oha\u0159, dobrman,<br \/><a class=\"moretag\" href=\"http:\/\/salonsendy.cz\/index.php\/o-psi-srsti\/\">+ Read More<\/a><\/p>\n","protected":false},"author":1,"featured_media":0,"parent":0,"menu_order":0,"comment_status":"closed","ping_status":"closed","template":"templates\/page-nosidebar_template.php","meta":{"footnotes":""},"class_list":["post-135","page","type-page","status-publish","hentry"],"_links":{"self":[{"href":"http:\/\/salonsendy.cz\/index.php\/wp-json\/wp\/v2\/pages\/135","targetHints":{"allow":["GET"]}}],"collection":[{"href":"http:\/\/salonsendy.cz\/index.php\/wp-json\/wp\/v2\/pages"}],"about":[{"href":"http:\/\/salonsendy.cz\/index.php\/wp-json\/wp\/v2\/types\/page"}],"author":[{"embeddable":true,"href":"http:\/\/salonsendy.cz\/index.php\/wp-json\/wp\/v2\/users\/1"}],"replies":[{"embeddable":true,"href":"http:\/\/salonsendy.cz\/index.php\/wp-json\/wp\/v2\/comments?post=135"}],"version-history":[{"count":18,"href":"http:\/\/salonsendy.cz\/index.php\/wp-json\/wp\/v2\/pages\/135\/revisions"}],"predecessor-version":[{"id":4816,"href":"http:\/\/salonsendy.cz\/index.php\/wp-json\/wp\/v2\/pages\/135\/revisions\/4816"}],"wp:attachment":[{"href":"http:\/\/salonsendy.cz\/index.php\/wp-json\/wp\/v2\/media?parent=135"}],"curies":[{"name":"wp","href":"https:\/\/api.w.org\/{rel}","templated":true}]}}