{"id":138,"date":"2021-10-20T09:07:53","date_gmt":"2021-10-20T08:07:53","guid":{"rendered":"https:\/\/salonsendy.cz\/?page_id=138"},"modified":"2022-03-06T17:18:34","modified_gmt":"2022-03-06T16:18:34","slug":"trimovani","status":"publish","type":"page","link":"http:\/\/salonsendy.cz\/index.php\/trimovani\/","title":{"rendered":"Trimov\u00e1n\u00ed"},"content":{"rendered":"\n<h2 class=\"wp-block-heading\" id=\"co-je-trimovani\">Co je trimov\u00e1n\u00ed<\/h2>\n\n\n\n<figure class=\"wp-block-image size-medium\"><img fetchpriority=\"high\" decoding=\"async\" width=\"169\" height=\"300\" src=\"http:\/\/salonsendy.cz\/wp-content\/uploads\/2022\/02\/galerie7-1-169x300.jpg\" alt=\"\" class=\"wp-image-4751\" srcset=\"http:\/\/salonsendy.cz\/wp-content\/uploads\/2022\/02\/galerie7-1-169x300.jpg 169w, http:\/\/salonsendy.cz\/wp-content\/uploads\/2022\/02\/galerie7-1-576x1024.jpg 576w, http:\/\/salonsendy.cz\/wp-content\/uploads\/2022\/02\/galerie7-1-768x1365.jpg 768w, http:\/\/salonsendy.cz\/wp-content\/uploads\/2022\/02\/galerie7-1-864x1536.jpg 864w, http:\/\/salonsendy.cz\/wp-content\/uploads\/2022\/02\/galerie7-1.jpg 900w\" sizes=\"(max-width: 169px) 100vw, 169px\" \/><\/figure>\n\n\n\n<p>&nbsp;Jedn\u00e1 se o mechanick\u00e9 vy\u0161kub\u00e1v\u00e1n\u00ed mrtv\u00e9 srsti, za pomoc\u00ed trimovac\u00edho no\u017ee, pemzy, nebo jen prst\u016f. Psa tato procedura nebol\u00ed, jeliko\u017e chlup je ji\u017e uvoln\u011bn\u00fd z&nbsp;ko\u0159\u00ednku, jen chlup s\u00e1m \u010dasto nevypadne. Proto byli tito drsnosrst\u00ed psi vy\u0161lecht\u011bni, aby srst samovoln\u011b nevypad\u00e1vala. Trimovac\u00ed n\u016f\u017e nen\u00ed n\u016f\u017e, jak bychom si p\u0159edstavovali, jedn\u00e1 se o n\u00e1stroj se \u201ezoubky\u201c a m\u011bl by b\u00fdt tup\u00fd, abychom chlup nep\u0159e\u0159\u00edzli, ale vy\u0161klubli p\u011bkn\u011b cel\u00fd i s&nbsp;ko\u0159\u00ednkem. Ka\u017ed\u00e9 \u0161t\u011bn\u011b se rod\u00ed s&nbsp;m\u011bkkou jemnou srst\u00ed a pravideln\u00fdm vy\u0161kub\u00e1v\u00e1n\u00edm, srst se st\u00e1v\u00e1 hrub\u0161\u00ed a odoln\u011bj\u0161\u00ed ne\u010distot\u00e1m. Naopak holen\u00edm ma\u0161inkou nebo kastrac\u00ed se srst st\u00e1v\u00e1 op\u011bt jemn\u011bj\u0161\u00ed, tmav\u00e1 srst sv\u011btlej\u0161\u00ed a vlnit\u011bj\u0161\u00ed. \u010casto se st\u00e1v\u00e1, \u017ee ka\u017ed\u00fd chlup zraje v&nbsp;jinou dobu, proto n\u011bkte\u0159\u00ed majitel\u00e9 si psy trimuj\u00ed sami pr\u016fb\u011b\u017en\u011b po cel\u00fd rok. Chce to trochu zku\u0161enosti, abychom psa netahali za k\u016f\u017ei, ale uchopili jen odum\u0159el\u00fd chlup. Ob\u010das se stane, \u017ee drsnosrst\u00fd pes nem\u00e1 podsadu, a m\u016f\u017ee b\u00fdt vid\u011bt po vytrimov\u00e1n\u00ed na n\u011bkter\u00fdch m\u00edstech k\u016f\u017ee psa (hlava, u\u0161\u00ed). P\u0159i spr\u00e1vn\u00e9m trimov\u00e1n\u00ed toto brzy zaroste kvalitn\u00ed srst\u00ed. &nbsp;N\u011bkdy majitel pejska po\u017eaduje vytrimovat cel\u00e9ho psa, hned jak z&nbsp;n\u011bho za\u010dne vypad\u00e1vat srst. Ale m\u016f\u017ee m\u00edt \u201ezral\u00e1\u201c pro trimov\u00e1n\u00ed pouze z\u00e1da a hrudn\u00edk je\u0161t\u011b ne. Pak je lep\u0161\u00ed po\u010dkat nebo trimovat na dvakr\u00e1t.<\/p>\n\n\n\n<figure class=\"wp-block-image size-medium\"><img decoding=\"async\" width=\"300\" height=\"225\" src=\"http:\/\/salonsendy.cz\/wp-content\/uploads\/2022\/03\/Trim-300x225.jpg\" alt=\"\" class=\"wp-image-4793\" srcset=\"http:\/\/salonsendy.cz\/wp-content\/uploads\/2022\/03\/Trim-300x225.jpg 300w, http:\/\/salonsendy.cz\/wp-content\/uploads\/2022\/03\/Trim-768x576.jpg 768w, http:\/\/salonsendy.cz\/wp-content\/uploads\/2022\/03\/Trim.jpg 900w\" sizes=\"(max-width: 300px) 100vw, 300px\" \/><figcaption><em>Cel\u00fd chlup vyta\u017een\u00fd z ko\u0159\u00ednku<\/em><\/figcaption><\/figure>\n\n\n\n<h2 class=\"wp-block-heading\" id=\"jak-casto-trimovat\">Jak \u010dasto trimovat<\/h2>\n\n\n\n<p>Je-li srst \u0161t\u011bn\u011bte hodn\u011b m\u011bkk\u00e1 a jemn\u00e1, doporu\u010duji ka\u017ed\u00e9 dva, t\u0159i m\u011bs\u00edce. U dosp\u011bl\u00e9 kvalitn\u00ed srsti sta\u010d\u00ed 2x do roka. Co\u017e je v\u00fdhodn\u011bj\u0161\u00ed, ne\u017e kdy\u017e drsnosrst\u00e9ho psa ohol\u00edme ma\u0161inkou. V\u00fdsledn\u00e1 jemn\u00e1 srst se mus\u00ed st\u0159\u00edhat ka\u017ed\u00e9 dva m\u011bs\u00edce po cel\u00fd \u017eivot psa.<\/p>\n\n\n\n<p>D\u016fle\u017eit\u00e9 je tak\u00e9 zm\u00ednit, \u017ee anglicky trimov\u00e1n\u00ed \u0159ekneme \u201estrip\u201c.&nbsp; Anglick\u00e9 slovo \u201etrim\u201c znamen\u00e1 \u00faprava. Proto jsme se u\u017e setkali s&nbsp;t\u00edm, \u017ee borderkolii n\u011bkdo po\u017eadoval trimovat, ale jednalo se o \u0161patn\u00fd p\u0159eklad z&nbsp;angli\u010dtiny.<\/p>\n\n\n\n<figure class=\"wp-block-gallery has-nested-images columns-default is-cropped wp-block-gallery-1 is-layout-flex wp-block-gallery-is-layout-flex\">\n<figure class=\"wp-block-image size-large is-resized\"><img decoding=\"async\" data-id=\"4817\" src=\"http:\/\/salonsendy.cz\/wp-content\/uploads\/2022\/03\/trim4-768x1024.jpg\" alt=\"\" class=\"wp-image-4817\" width=\"259\" height=\"345\" srcset=\"http:\/\/salonsendy.cz\/wp-content\/uploads\/2022\/03\/trim4-768x1024.jpg 768w, http:\/\/salonsendy.cz\/wp-content\/uploads\/2022\/03\/trim4-225x300.jpg 225w, http:\/\/salonsendy.cz\/wp-content\/uploads\/2022\/03\/trim4.jpg 900w\" sizes=\"(max-width: 259px) 100vw, 259px\" \/><figcaption><em>drsnosrst\u00fd pes bez podsady<\/em><\/figcaption><\/figure>\n\n\n\n<figure class=\"wp-block-image size-large\"><img loading=\"lazy\" decoding=\"async\" width=\"900\" height=\"1002\" data-id=\"4822\" src=\"http:\/\/salonsendy.cz\/wp-content\/uploads\/2022\/03\/trim6-1.jpg\" alt=\"\" class=\"wp-image-4822\" srcset=\"http:\/\/salonsendy.cz\/wp-content\/uploads\/2022\/03\/trim6-1.jpg 900w, http:\/\/salonsendy.cz\/wp-content\/uploads\/2022\/03\/trim6-1-269x300.jpg 269w, http:\/\/salonsendy.cz\/wp-content\/uploads\/2022\/03\/trim6-1-768x855.jpg 768w\" sizes=\"(max-width: 900px) 100vw, 900px\" \/><figcaption>jemn\u00e1 srst na uchu vel\u0161t\u011bri\u00e9ra<\/figcaption><\/figure>\n\n\n\n<figure class=\"wp-block-image size-large\"><img loading=\"lazy\" decoding=\"async\" width=\"900\" height=\"1200\" data-id=\"4821\" src=\"http:\/\/salonsendy.cz\/wp-content\/uploads\/2022\/03\/trim5-1.jpg\" alt=\"\" class=\"wp-image-4821\" srcset=\"http:\/\/salonsendy.cz\/wp-content\/uploads\/2022\/03\/trim5-1.jpg 900w, http:\/\/salonsendy.cz\/wp-content\/uploads\/2022\/03\/trim5-1-225x300.jpg 225w, http:\/\/salonsendy.cz\/wp-content\/uploads\/2022\/03\/trim5-1-768x1024.jpg 768w\" sizes=\"(max-width: 900px) 100vw, 900px\" \/><figcaption>zral\u00e1 srst vhodn\u00e1 pro trimov\u00e1n\u00ed<\/figcaption><\/figure>\n<\/figure>\n","protected":false},"excerpt":{"rendered":"<p>Co je trimov\u00e1n\u00ed &nbsp;Jedn\u00e1 se o mechanick\u00e9 vy\u0161kub\u00e1v\u00e1n\u00ed mrtv\u00e9 srsti, za pomoc\u00ed trimovac\u00edho no\u017ee, pemzy, nebo jen prst\u016f. Psa tato procedura nebol\u00ed, jeliko\u017e chlup je ji\u017e uvoln\u011bn\u00fd z&nbsp;ko\u0159\u00ednku, jen chlup s\u00e1m \u010dasto nevypadne. Proto byli tito drsnosrst\u00ed psi vy\u0161lecht\u011bni, aby srst samovoln\u011b nevypad\u00e1vala. Trimovac\u00ed n\u016f\u017e nen\u00ed n\u016f\u017e, jak bychom si p\u0159edstavovali, jedn\u00e1 se o n\u00e1stroj<br \/><a class=\"moretag\" href=\"http:\/\/salonsendy.cz\/index.php\/trimovani\/\">+ Read More<\/a><\/p>\n","protected":false},"author":1,"featured_media":0,"parent":0,"menu_order":0,"comment_status":"closed","ping_status":"closed","template":"templates\/page-nosidebar_template.php","meta":{"footnotes":""},"class_list":["post-138","page","type-page","status-publish","hentry"],"_links":{"self":[{"href":"http:\/\/salonsendy.cz\/index.php\/wp-json\/wp\/v2\/pages\/138","targetHints":{"allow":["GET"]}}],"collection":[{"href":"http:\/\/salonsendy.cz\/index.php\/wp-json\/wp\/v2\/pages"}],"about":[{"href":"http:\/\/salonsendy.cz\/index.php\/wp-json\/wp\/v2\/types\/page"}],"author":[{"embeddable":true,"href":"http:\/\/salonsendy.cz\/index.php\/wp-json\/wp\/v2\/users\/1"}],"replies":[{"embeddable":true,"href":"http:\/\/salonsendy.cz\/index.php\/wp-json\/wp\/v2\/comments?post=138"}],"version-history":[{"count":12,"href":"http:\/\/salonsendy.cz\/index.php\/wp-json\/wp\/v2\/pages\/138\/revisions"}],"predecessor-version":[{"id":4841,"href":"http:\/\/salonsendy.cz\/index.php\/wp-json\/wp\/v2\/pages\/138\/revisions\/4841"}],"wp:attachment":[{"href":"http:\/\/salonsendy.cz\/index.php\/wp-json\/wp\/v2\/media?parent=138"}],"curies":[{"name":"wp","href":"https:\/\/api.w.org\/{rel}","templated":true}]}}