{"id":129,"date":"2021-10-20T09:04:15","date_gmt":"2021-10-20T08:04:15","guid":{"rendered":"https:\/\/salonsendy.cz\/?page_id=129"},"modified":"2024-01-08T09:36:24","modified_gmt":"2024-01-08T08:36:24","slug":"cenik","status":"publish","type":"page","link":"https:\/\/salonsendy.cz\/index.php\/cenik\/","title":{"rendered":"Cen\u00edk"},"content":{"rendered":"\n<figure class=\"wp-block-image size-large\"><img fetchpriority=\"high\" decoding=\"async\" width=\"1024\" height=\"287\" src=\"http:\/\/salonsendy.cz\/wp-content\/uploads\/2022\/02\/pacicky1-1024x287.jpg\" alt=\"\" class=\"wp-image-4530\" srcset=\"https:\/\/salonsendy.cz\/wp-content\/uploads\/2022\/02\/pacicky1-1024x287.jpg 1024w, https:\/\/salonsendy.cz\/wp-content\/uploads\/2022\/02\/pacicky1-300x84.jpg 300w, https:\/\/salonsendy.cz\/wp-content\/uploads\/2022\/02\/pacicky1-768x215.jpg 768w, https:\/\/salonsendy.cz\/wp-content\/uploads\/2022\/02\/pacicky1.jpg 1508w\" sizes=\"(max-width: 1024px) 100vw, 1024px\" \/><\/figure>\n\n\n\n<p>Cena za \u00fapravu se odv\u00edj\u00ed podle velikosti psa, ale i typu a stavu srsti. Vod\u00edtkem m\u016f\u017ee b\u00fdt cena za hodinu, (450-600K\u010d\/hod) proto n\u00ed\u017ee je zm\u00edn\u011bna i doba \u00fapravy. U zacuchan\u00e9 srsti pros\u00edme na toto upozornit u\u017e p\u0159i telefonick\u00e9m objedn\u00e1n\u00ed psa. Ceny jsou uveden\u00e9 s&nbsp;koup\u00e1n\u00edm a f\u00e9nov\u00e1n\u00edm. Pokud majitel si pejska vykoupe a vyf\u00e9nuje p\u0159ed \u00fapravou doma s\u00e1m, lze se na tomto individu\u00e1ln\u011b domluvit, pak cena je tak\u00e9 cca 500 k\u010d\/hod \u00fapravy. U agresivn\u00edch ps\u016f, kte\u0159\u00ed kou\u0161ou, cena se m\u016f\u017ee nav\u00fd\u0161it i o 100 % .<\/p>\n\n\n\n<p>Mal\u00fd pes <strong>XS<\/strong>, nap\u0159. jork\u0161\u00edrek (jemn\u00e1 srst, doba \u00fapravy: 1 hod \u2013 1,5 hod) &nbsp;= 450-780 K\u010d<\/p>\n\n\n\n<p>Mal\u00fd pes <strong>S&nbsp;<\/strong>nap\u0159. bi\u0161onek, shih-tzu (mal\u00fd pes, bohat\u0161\u00ed srst doba \u00fapravy: &nbsp;1,5 hod-2 hod) = 750 -980 K\u010d<\/p>\n\n\n\n<p>St\u0159edn\u00ed pes <strong>M <\/strong>nap\u0159. st\u0159edn\u00ed pudl, tibetsk\u00fd teri\u00e9r (doba \u00fapravy: 1.5 &#8211; 2,5 hod) = 750-1250 K\u010d<\/p>\n\n\n\n<p>Velk\u00fd pes <strong>L <\/strong>nap\u0159. portugalsk\u00fd vodn\u00ed pes, kr\u00e1lovsk\u00fd pudl (doba \u00fapravy. 2,5&nbsp; &#8211; 4&nbsp; hod) &nbsp;= 1200-2200 K\u010d<\/p>\n\n\n\n<p>Velk\u00fd pes  <strong>XL <\/strong>pes s&nbsp;bohatou srst\u00ed nap\u0159. kolie dlouhosrst\u00e1, leonberger od 500 (\u010des\u00e1n\u00ed psa 1 hod) a\u017e po kompletn\u00ed \u00fapravu s koup\u00e1n\u00edm od 1500 komplet s koup\u00e1n\u00edm tj. (500-600 k\u010d\/hod)<\/p>\n\n\n\n<p>Trimov\u00e1n\u00ed drsnosrst\u00fdch plemen = 450-600k\u010d\/hod<\/p>\n\n\n\n<p>Cen\u00edk platn\u00fd od 30.11..2023<\/p>\n\n\n\n<figure class=\"wp-block-image size-medium\"><img decoding=\"async\" width=\"163\" height=\"300\" src=\"http:\/\/salonsendy.cz\/wp-content\/uploads\/2022\/03\/bernak-163x300.jpg\" alt=\"\" class=\"wp-image-4898\" srcset=\"https:\/\/salonsendy.cz\/wp-content\/uploads\/2022\/03\/bernak-163x300.jpg 163w, https:\/\/salonsendy.cz\/wp-content\/uploads\/2022\/03\/bernak-555x1024.jpg 555w, https:\/\/salonsendy.cz\/wp-content\/uploads\/2022\/03\/bernak.jpg 565w\" sizes=\"(max-width: 163px) 100vw, 163px\" \/><\/figure>\n","protected":false},"excerpt":{"rendered":"<p>Cena za \u00fapravu se odv\u00edj\u00ed podle velikosti psa, ale i typu a stavu srsti. Vod\u00edtkem m\u016f\u017ee b\u00fdt cena za hodinu, (450-600K\u010d\/hod) proto n\u00ed\u017ee je zm\u00edn\u011bna i doba \u00fapravy. U zacuchan\u00e9 srsti pros\u00edme na toto upozornit u\u017e p\u0159i telefonick\u00e9m objedn\u00e1n\u00ed psa. Ceny jsou uveden\u00e9 s&nbsp;koup\u00e1n\u00edm a f\u00e9nov\u00e1n\u00edm. Pokud majitel si pejska vykoupe a vyf\u00e9nuje p\u0159ed \u00fapravou<br \/><a class=\"moretag\" href=\"https:\/\/salonsendy.cz\/index.php\/cenik\/\">+ Read More<\/a><\/p>\n","protected":false},"author":1,"featured_media":0,"parent":0,"menu_order":0,"comment_status":"closed","ping_status":"closed","template":"templates\/page-nosidebar_template.php","meta":{"footnotes":""},"class_list":["post-129","page","type-page","status-publish","hentry"],"_links":{"self":[{"href":"https:\/\/salonsendy.cz\/index.php\/wp-json\/wp\/v2\/pages\/129","targetHints":{"allow":["GET"]}}],"collection":[{"href":"https:\/\/salonsendy.cz\/index.php\/wp-json\/wp\/v2\/pages"}],"about":[{"href":"https:\/\/salonsendy.cz\/index.php\/wp-json\/wp\/v2\/types\/page"}],"author":[{"embeddable":true,"href":"https:\/\/salonsendy.cz\/index.php\/wp-json\/wp\/v2\/users\/1"}],"replies":[{"embeddable":true,"href":"https:\/\/salonsendy.cz\/index.php\/wp-json\/wp\/v2\/comments?post=129"}],"version-history":[{"count":8,"href":"https:\/\/salonsendy.cz\/index.php\/wp-json\/wp\/v2\/pages\/129\/revisions"}],"predecessor-version":[{"id":4942,"href":"https:\/\/salonsendy.cz\/index.php\/wp-json\/wp\/v2\/pages\/129\/revisions\/4942"}],"wp:attachment":[{"href":"https:\/\/salonsendy.cz\/index.php\/wp-json\/wp\/v2\/media?parent=129"}],"curies":[{"name":"wp","href":"https:\/\/api.w.org\/{rel}","templated":true}]}}