{"id":281,"date":"2016-02-24T09:06:00","date_gmt":"2016-02-24T09:06:00","guid":{"rendered":"http:\/\/sktthemesdemo.net\/complete\/?page_id=281"},"modified":"2022-06-27T10:11:57","modified_gmt":"2022-06-27T09:11:57","slug":"informace","status":"publish","type":"page","link":"https:\/\/salonsendy.cz\/index.php\/informace\/","title":{"rendered":"Informace"},"content":{"rendered":"\n<p>V term\u00ednu od 23.7. &#8211; 7.8. 2022 jsme na dovolen\u00e9. I v tomto term\u00ednu budeme p\u0159ij\u00edmat objedn\u00e1vky na obdob\u00ed po dovolen\u00e9. D\u011bkujeme<\/p>\n","protected":false},"excerpt":{"rendered":"<p>V term\u00ednu od 23.7. &#8211; 7.8. 2022 jsme na dovolen\u00e9. I v tomto term\u00ednu budeme p\u0159ij\u00edmat objedn\u00e1vky na obdob\u00ed po dovolen\u00e9. D\u011bkujeme<\/p>\n","protected":false},"author":1,"featured_media":0,"parent":0,"menu_order":0,"comment_status":"closed","ping_status":"closed","template":"templates\/nosidebar-blog_template.php","meta":{"footnotes":""},"class_list":["post-281","page","type-page","status-publish","hentry"],"_links":{"self":[{"href":"https:\/\/salonsendy.cz\/index.php\/wp-json\/wp\/v2\/pages\/281","targetHints":{"allow":["GET"]}}],"collection":[{"href":"https:\/\/salonsendy.cz\/index.php\/wp-json\/wp\/v2\/pages"}],"about":[{"href":"https:\/\/salonsendy.cz\/index.php\/wp-json\/wp\/v2\/types\/page"}],"author":[{"embeddable":true,"href":"https:\/\/salonsendy.cz\/index.php\/wp-json\/wp\/v2\/users\/1"}],"replies":[{"embeddable":true,"href":"https:\/\/salonsendy.cz\/index.php\/wp-json\/wp\/v2\/comments?post=281"}],"version-history":[{"count":2,"href":"https:\/\/salonsendy.cz\/index.php\/wp-json\/wp\/v2\/pages\/281\/revisions"}],"predecessor-version":[{"id":4934,"href":"https:\/\/salonsendy.cz\/index.php\/wp-json\/wp\/v2\/pages\/281\/revisions\/4934"}],"wp:attachment":[{"href":"https:\/\/salonsendy.cz\/index.php\/wp-json\/wp\/v2\/media?parent=281"}],"curies":[{"name":"wp","href":"https:\/\/api.w.org\/{rel}","templated":true}]}}