{"id":4222,"date":"2020-08-12T13:11:23","date_gmt":"2020-08-12T13:11:23","guid":{"rendered":"https:\/\/sktperfectdemo.com\/demos\/mydog\/?page_id=4222"},"modified":"2022-03-07T09:30:35","modified_gmt":"2022-03-07T08:30:35","slug":"home","status":"publish","type":"page","link":"https:\/\/salonsendy.cz\/","title":{"rendered":"Home"},"content":{"rendered":"\t\t<div data-elementor-type=\"wp-page\" data-elementor-id=\"4222\" class=\"elementor elementor-4222\">\n\t\t\t\t\t\t<section class=\"elementor-section elementor-top-section elementor-element elementor-element-2b2db0a6 elementor-section-boxed elementor-section-height-default elementor-section-height-default\" data-id=\"2b2db0a6\" data-element_type=\"section\" data-e-type=\"section\" data-settings=\"{&quot;background_background&quot;:&quot;classic&quot;}\">\n\t\t\t\t\t\t<div class=\"elementor-container elementor-column-gap-no\">\n\t\t\t\t\t<div class=\"elementor-column elementor-col-100 elementor-top-column elementor-element elementor-element-5e07f56b\" data-id=\"5e07f56b\" data-element_type=\"column\" data-e-type=\"column\">\n\t\t\t<div class=\"elementor-widget-wrap elementor-element-populated\">\n\t\t\t\t\t\t<section class=\"elementor-section elementor-inner-section elementor-element elementor-element-1899335d elementor-section-boxed elementor-section-height-default elementor-section-height-default\" data-id=\"1899335d\" data-element_type=\"section\" data-e-type=\"section\">\n\t\t\t\t\t\t<div class=\"elementor-container elementor-column-gap-no\">\n\t\t\t\t\t<div class=\"elementor-column elementor-col-50 elementor-inner-column elementor-element elementor-element-1d08d2d8 animated-slow elementor-invisible\" data-id=\"1d08d2d8\" data-element_type=\"column\" data-e-type=\"column\" data-settings=\"{&quot;animation&quot;:&quot;fadeInLeft&quot;}\">\n\t\t\t<div class=\"elementor-widget-wrap elementor-element-populated\">\n\t\t\t\t\t\t<div class=\"elementor-element elementor-element-cf09ea4 elementor-widget elementor-widget-image\" data-id=\"cf09ea4\" data-element_type=\"widget\" data-e-type=\"widget\" data-widget_type=\"image.default\">\n\t\t\t\t<div class=\"elementor-widget-container\">\n\t\t\t\t\t\t\t\t\t\t\t\t\t\t\t<img fetchpriority=\"high\" decoding=\"async\" width=\"690\" height=\"460\" src=\"http:\/\/salonsendy.cz\/wp-content\/uploads\/2022\/02\/puli-1024x683.jpeg\" class=\"attachment-large size-large wp-image-4640\" alt=\"\" srcset=\"http:\/\/salonsendy.cz\/wp-content\/uploads\/2022\/02\/puli-1024x683.jpeg 1024w, http:\/\/salonsendy.cz\/wp-content\/uploads\/2022\/02\/puli-300x200.jpeg 300w, http:\/\/salonsendy.cz\/wp-content\/uploads\/2022\/02\/puli-768x512.jpeg 768w, http:\/\/salonsendy.cz\/wp-content\/uploads\/2022\/02\/puli-1536x1024.jpeg 1536w, http:\/\/salonsendy.cz\/wp-content\/uploads\/2022\/02\/puli-e1645534346544.jpeg 680w\" sizes=\"(max-width: 690px) 100vw, 690px\" \/>\t\t\t\t\t\t\t\t\t\t\t\t\t\t\t<\/div>\n\t\t\t\t<\/div>\n\t\t\t\t\t<\/div>\n\t\t<\/div>\n\t\t\t\t<div class=\"elementor-column elementor-col-50 elementor-inner-column elementor-element elementor-element-6892ec54 animated-slow elementor-invisible\" data-id=\"6892ec54\" data-element_type=\"column\" data-e-type=\"column\" data-settings=\"{&quot;animation&quot;:&quot;fadeInRight&quot;}\">\n\t\t\t<div class=\"elementor-widget-wrap elementor-element-populated\">\n\t\t\t\t\t\t<div class=\"elementor-element elementor-element-7b7eb29b elementor-widget elementor-widget-heading\" data-id=\"7b7eb29b\" data-element_type=\"widget\" data-e-type=\"widget\" data-widget_type=\"heading.default\">\n\t\t\t\t<div class=\"elementor-widget-container\">\n\t\t\t\t\t<h4 class=\"elementor-heading-title elementor-size-default\">V\u00edtejte<\/h4>\t\t\t\t<\/div>\n\t\t\t\t<\/div>\n\t\t\t\t<div class=\"elementor-element elementor-element-7471635f elementor-widget elementor-widget-heading\" data-id=\"7471635f\" data-element_type=\"widget\" data-e-type=\"widget\" data-widget_type=\"heading.default\">\n\t\t\t\t<div class=\"elementor-widget-container\">\n\t\t\t\t\t<h2 class=\"elementor-heading-title elementor-size-default\">V SALONu SENDY<span style=\"color:#9cc914\"><\/span><\/h2>\t\t\t\t<\/div>\n\t\t\t\t<\/div>\n\t\t\t\t<div class=\"elementor-element elementor-element-bf01502 elementor-widget elementor-widget-text-editor\" data-id=\"bf01502\" data-element_type=\"widget\" data-e-type=\"widget\" data-widget_type=\"text-editor.default\">\n\t\t\t\t<div class=\"elementor-widget-container\">\n\t\t\t\t\t\t\t\t\t<p style=\"font-family: arial; font-size: 14px;\">O psy se zaj\u00edm\u00e1m od d\u011btstv\u00ed. Kdy\u017e mi bylo asi 10 let, ve \u0161kole jsme se u\u010dili, \u017ee ps\u00ed srst se skl\u00e1d\u00e1 z\u00a0pes\u00edk\u016f a podsady. P\u0159i\u0161la jsem dom\u016f a prohl\u00e9dla na\u0161eho pudl\u00edka, kter\u00fd m\u011bl jen jeden typ srsti. Pes\u00edky chyb\u011bly. U\u017e tehdy jsem si uv\u011bdomila, \u017ee m\u00e1me velk\u00e9 mno\u017estv\u00ed plemen, s\u00a0r\u016fzn\u00fdmi typy srsti. V roce 1987 ve sv\u00fdch 18 letech jsem si koupila sv\u00e9ho prvn\u00edho shih tzu, plemeno zde tenkr\u00e1t nep\u0159\u00edli\u0161 zn\u00e1m\u00e9. Pak m\u011b \u017eivotem prov\u00e1zeli dobrman, chodsk\u00fd pes a nyn\u00ed se u\u017e 14 let v\u011bnuji chovu st\u0159edn\u00edch \u010dern\u00fdch pudl\u016f. A kone\u010dn\u011b p\u0159ed 12 lety jsem si otev\u0159ela sv\u016fj vlastn\u00ed ps\u00ed salon. \u201eSalon Sendy\u201c pojmenovan\u00e9m po na\u0161em prvn\u00edm psu. V salonu ke ka\u017ed\u00e9mu psu p\u0159istupuji individu\u00e1ln\u011b s\u00a0ohledem na plemeno, typ srsti a i povahu. Krom kurzu akreditovan\u00e9m ministerstvem \u0161kolstv\u00ed z roku 2008 pravideln\u011b jezd\u00edm na semin\u00e1\u0159e zahrani\u010dn\u00edch lektor\u016f a v\u00fdstavy ps\u016f. Krom v\u00fdstavn\u00edch ocen\u011bn\u00ed z\u00edsk\u00e1v\u00e1m i ocen\u011bn\u00ed za nejlep\u0161\u00ed st\u0159ih.<\/p>\t\t\t\t\t\t\t\t<\/div>\n\t\t\t\t<\/div>\n\t\t\t\t\t<\/div>\n\t\t<\/div>\n\t\t\t\t\t<\/div>\n\t\t<\/section>\n\t\t\t\t\t<\/div>\n\t\t<\/div>\n\t\t\t\t\t<\/div>\n\t\t<\/section>\n\t\t\t\t<section class=\"elementor-section elementor-top-section elementor-element elementor-element-493be7a elementor-section-boxed elementor-section-height-default elementor-section-height-default\" data-id=\"493be7a\" data-element_type=\"section\" data-e-type=\"section\">\n\t\t\t\t\t\t<div class=\"elementor-container elementor-column-gap-default\">\n\t\t\t\t\t<div class=\"elementor-column elementor-col-33 elementor-top-column elementor-element elementor-element-4b00a68\" data-id=\"4b00a68\" data-element_type=\"column\" data-e-type=\"column\">\n\t\t\t<div class=\"elementor-widget-wrap elementor-element-populated\">\n\t\t\t\t\t\t<div class=\"elementor-element elementor-element-a1e9a64 elementor-widget elementor-widget-image\" data-id=\"a1e9a64\" data-element_type=\"widget\" data-e-type=\"widget\" data-widget_type=\"image.default\">\n\t\t\t\t<div class=\"elementor-widget-container\">\n\t\t\t\t\t\t\t\t\t\t\t\t\t\t\t<img decoding=\"async\" width=\"690\" height=\"948\" src=\"http:\/\/salonsendy.cz\/wp-content\/uploads\/2022\/02\/Certifikat1-745x1024.jpg\" class=\"attachment-large size-large wp-image-4527\" alt=\"\" srcset=\"http:\/\/salonsendy.cz\/wp-content\/uploads\/2022\/02\/Certifikat1-745x1024.jpg 745w, http:\/\/salonsendy.cz\/wp-content\/uploads\/2022\/02\/Certifikat1-218x300.jpg 218w, http:\/\/salonsendy.cz\/wp-content\/uploads\/2022\/02\/Certifikat1-768x1056.jpg 768w, http:\/\/salonsendy.cz\/wp-content\/uploads\/2022\/02\/Certifikat1.jpg 850w\" sizes=\"(max-width: 690px) 100vw, 690px\" \/>\t\t\t\t\t\t\t\t\t\t\t\t\t\t\t<\/div>\n\t\t\t\t<\/div>\n\t\t\t\t\t<\/div>\n\t\t<\/div>\n\t\t\t\t<div class=\"elementor-column elementor-col-33 elementor-top-column elementor-element elementor-element-bf32497\" data-id=\"bf32497\" data-element_type=\"column\" data-e-type=\"column\">\n\t\t\t<div class=\"elementor-widget-wrap elementor-element-populated\">\n\t\t\t\t\t\t<div class=\"elementor-element elementor-element-2ec513f elementor-widget elementor-widget-image\" data-id=\"2ec513f\" data-element_type=\"widget\" data-e-type=\"widget\" data-widget_type=\"image.default\">\n\t\t\t\t<div class=\"elementor-widget-container\">\n\t\t\t\t\t\t\t\t\t\t\t\t\t\t\t<img decoding=\"async\" width=\"690\" height=\"948\" src=\"http:\/\/salonsendy.cz\/wp-content\/uploads\/2022\/02\/Certifikat2-1-745x1024.jpg\" class=\"attachment-large size-large wp-image-4633\" alt=\"\" srcset=\"http:\/\/salonsendy.cz\/wp-content\/uploads\/2022\/02\/Certifikat2-1-745x1024.jpg 745w, http:\/\/salonsendy.cz\/wp-content\/uploads\/2022\/02\/Certifikat2-1-218x300.jpg 218w, http:\/\/salonsendy.cz\/wp-content\/uploads\/2022\/02\/Certifikat2-1-768x1056.jpg 768w, http:\/\/salonsendy.cz\/wp-content\/uploads\/2022\/02\/Certifikat2-1.jpg 900w\" sizes=\"(max-width: 690px) 100vw, 690px\" \/>\t\t\t\t\t\t\t\t\t\t\t\t\t\t\t<\/div>\n\t\t\t\t<\/div>\n\t\t\t\t\t<\/div>\n\t\t<\/div>\n\t\t\t\t<div class=\"elementor-column elementor-col-33 elementor-top-column elementor-element elementor-element-beb3e1b\" data-id=\"beb3e1b\" data-element_type=\"column\" data-e-type=\"column\">\n\t\t\t<div class=\"elementor-widget-wrap elementor-element-populated\">\n\t\t\t\t\t\t<div class=\"elementor-element elementor-element-3806059 elementor-widget elementor-widget-image\" data-id=\"3806059\" data-element_type=\"widget\" data-e-type=\"widget\" data-widget_type=\"image.default\">\n\t\t\t\t<div class=\"elementor-widget-container\">\n\t\t\t\t\t\t\t\t\t\t\t\t\t\t\t<img loading=\"lazy\" decoding=\"async\" width=\"685\" height=\"1024\" src=\"http:\/\/salonsendy.cz\/wp-content\/uploads\/2022\/02\/Certifikat4-685x1024.jpg\" class=\"attachment-large size-large wp-image-4634\" alt=\"\" srcset=\"http:\/\/salonsendy.cz\/wp-content\/uploads\/2022\/02\/Certifikat4-685x1024.jpg 685w, http:\/\/salonsendy.cz\/wp-content\/uploads\/2022\/02\/Certifikat4-201x300.jpg 201w, http:\/\/salonsendy.cz\/wp-content\/uploads\/2022\/02\/Certifikat4-768x1148.jpg 768w, http:\/\/salonsendy.cz\/wp-content\/uploads\/2022\/02\/Certifikat4.jpg 900w\" sizes=\"(max-width: 685px) 100vw, 685px\" \/>\t\t\t\t\t\t\t\t\t\t\t\t\t\t\t<\/div>\n\t\t\t\t<\/div>\n\t\t\t\t\t<\/div>\n\t\t<\/div>\n\t\t\t\t\t<\/div>\n\t\t<\/section>\n\t\t\t\t<section class=\"elementor-section elementor-top-section elementor-element elementor-element-854bb90 elementor-section-boxed elementor-section-height-default elementor-section-height-default\" data-id=\"854bb90\" data-element_type=\"section\" data-e-type=\"section\">\n\t\t\t\t\t\t<div class=\"elementor-container elementor-column-gap-default\">\n\t\t\t\t\t<div class=\"elementor-column elementor-col-33 elementor-top-column elementor-element elementor-element-b4a84c1\" data-id=\"b4a84c1\" data-element_type=\"column\" data-e-type=\"column\">\n\t\t\t<div class=\"elementor-widget-wrap elementor-element-populated\">\n\t\t\t\t\t\t<div class=\"elementor-element elementor-element-5fbf9a3 elementor-widget elementor-widget-image\" data-id=\"5fbf9a3\" data-element_type=\"widget\" data-e-type=\"widget\" data-widget_type=\"image.default\">\n\t\t\t\t<div class=\"elementor-widget-container\">\n\t\t\t\t\t\t\t\t\t\t\t\t\t\t\t<img loading=\"lazy\" decoding=\"async\" width=\"690\" height=\"948\" src=\"http:\/\/salonsendy.cz\/wp-content\/uploads\/2022\/02\/Certifikat5-745x1024.jpg\" class=\"attachment-large size-large wp-image-4635\" alt=\"\" srcset=\"http:\/\/salonsendy.cz\/wp-content\/uploads\/2022\/02\/Certifikat5-745x1024.jpg 745w, http:\/\/salonsendy.cz\/wp-content\/uploads\/2022\/02\/Certifikat5-218x300.jpg 218w, http:\/\/salonsendy.cz\/wp-content\/uploads\/2022\/02\/Certifikat5-768x1056.jpg 768w, http:\/\/salonsendy.cz\/wp-content\/uploads\/2022\/02\/Certifikat5.jpg 900w\" sizes=\"(max-width: 690px) 100vw, 690px\" \/>\t\t\t\t\t\t\t\t\t\t\t\t\t\t\t<\/div>\n\t\t\t\t<\/div>\n\t\t\t\t\t<\/div>\n\t\t<\/div>\n\t\t\t\t<div class=\"elementor-column elementor-col-33 elementor-top-column elementor-element elementor-element-ad9abb9\" data-id=\"ad9abb9\" data-element_type=\"column\" data-e-type=\"column\">\n\t\t\t<div class=\"elementor-widget-wrap elementor-element-populated\">\n\t\t\t\t\t\t<div class=\"elementor-element elementor-element-e908018 elementor-widget elementor-widget-image\" data-id=\"e908018\" data-element_type=\"widget\" data-e-type=\"widget\" data-widget_type=\"image.default\">\n\t\t\t\t<div class=\"elementor-widget-container\">\n\t\t\t\t\t\t\t\t\t\t\t\t\t\t\t<img loading=\"lazy\" decoding=\"async\" width=\"690\" height=\"948\" src=\"http:\/\/salonsendy.cz\/wp-content\/uploads\/2022\/02\/Certifikat6-745x1024.jpg\" class=\"attachment-large size-large wp-image-4636\" alt=\"\" srcset=\"http:\/\/salonsendy.cz\/wp-content\/uploads\/2022\/02\/Certifikat6-745x1024.jpg 745w, http:\/\/salonsendy.cz\/wp-content\/uploads\/2022\/02\/Certifikat6-218x300.jpg 218w, http:\/\/salonsendy.cz\/wp-content\/uploads\/2022\/02\/Certifikat6-768x1056.jpg 768w, http:\/\/salonsendy.cz\/wp-content\/uploads\/2022\/02\/Certifikat6.jpg 900w\" sizes=\"(max-width: 690px) 100vw, 690px\" \/>\t\t\t\t\t\t\t\t\t\t\t\t\t\t\t<\/div>\n\t\t\t\t<\/div>\n\t\t\t\t\t<\/div>\n\t\t<\/div>\n\t\t\t\t<div class=\"elementor-column elementor-col-33 elementor-top-column elementor-element elementor-element-0d0e218\" data-id=\"0d0e218\" data-element_type=\"column\" data-e-type=\"column\">\n\t\t\t<div class=\"elementor-widget-wrap elementor-element-populated\">\n\t\t\t\t\t\t<div class=\"elementor-element elementor-element-924e941 elementor-widget elementor-widget-image\" data-id=\"924e941\" data-element_type=\"widget\" data-e-type=\"widget\" data-widget_type=\"image.default\">\n\t\t\t\t<div class=\"elementor-widget-container\">\n\t\t\t\t\t\t\t\t\t\t\t\t\t\t\t<img loading=\"lazy\" decoding=\"async\" width=\"690\" height=\"948\" src=\"http:\/\/salonsendy.cz\/wp-content\/uploads\/2022\/02\/Certifikat9-745x1024.jpg\" class=\"attachment-large size-large wp-image-4639\" alt=\"\" srcset=\"http:\/\/salonsendy.cz\/wp-content\/uploads\/2022\/02\/Certifikat9-745x1024.jpg 745w, http:\/\/salonsendy.cz\/wp-content\/uploads\/2022\/02\/Certifikat9-218x300.jpg 218w, http:\/\/salonsendy.cz\/wp-content\/uploads\/2022\/02\/Certifikat9-768x1056.jpg 768w, http:\/\/salonsendy.cz\/wp-content\/uploads\/2022\/02\/Certifikat9.jpg 900w\" sizes=\"(max-width: 690px) 100vw, 690px\" \/>\t\t\t\t\t\t\t\t\t\t\t\t\t\t\t<\/div>\n\t\t\t\t<\/div>\n\t\t\t\t\t<\/div>\n\t\t<\/div>\n\t\t\t\t\t<\/div>\n\t\t<\/section>\n\t\t\t\t<section class=\"elementor-section elementor-top-section elementor-element elementor-element-6dfd731 elementor-section-boxed elementor-section-height-default elementor-section-height-default\" data-id=\"6dfd731\" data-element_type=\"section\" data-e-type=\"section\">\n\t\t\t\t\t\t<div class=\"elementor-container elementor-column-gap-default\">\n\t\t\t\t\t<div class=\"elementor-column elementor-col-50 elementor-top-column elementor-element elementor-element-f1cd4e2\" data-id=\"f1cd4e2\" data-element_type=\"column\" data-e-type=\"column\">\n\t\t\t<div class=\"elementor-widget-wrap elementor-element-populated\">\n\t\t\t\t\t\t<div class=\"elementor-element elementor-element-e458ead elementor-widget elementor-widget-image\" data-id=\"e458ead\" data-element_type=\"widget\" data-e-type=\"widget\" data-widget_type=\"image.default\">\n\t\t\t\t<div class=\"elementor-widget-container\">\n\t\t\t\t\t\t\t\t\t\t\t\t\t\t\t<img loading=\"lazy\" decoding=\"async\" width=\"690\" height=\"502\" src=\"http:\/\/salonsendy.cz\/wp-content\/uploads\/2022\/02\/Certifikat7-1024x745.jpg\" class=\"attachment-large size-large wp-image-4637\" alt=\"\" srcset=\"http:\/\/salonsendy.cz\/wp-content\/uploads\/2022\/02\/Certifikat7-1024x745.jpg 1024w, http:\/\/salonsendy.cz\/wp-content\/uploads\/2022\/02\/Certifikat7-300x218.jpg 300w, http:\/\/salonsendy.cz\/wp-content\/uploads\/2022\/02\/Certifikat7-768x559.jpg 768w, http:\/\/salonsendy.cz\/wp-content\/uploads\/2022\/02\/Certifikat7.jpg 1237w\" sizes=\"(max-width: 690px) 100vw, 690px\" \/>\t\t\t\t\t\t\t\t\t\t\t\t\t\t\t<\/div>\n\t\t\t\t<\/div>\n\t\t\t\t\t<\/div>\n\t\t<\/div>\n\t\t\t\t<div class=\"elementor-column elementor-col-50 elementor-top-column elementor-element elementor-element-170f575\" data-id=\"170f575\" data-element_type=\"column\" data-e-type=\"column\">\n\t\t\t<div class=\"elementor-widget-wrap elementor-element-populated\">\n\t\t\t\t\t\t<div class=\"elementor-element elementor-element-d359ff4 elementor-widget elementor-widget-image\" data-id=\"d359ff4\" data-element_type=\"widget\" data-e-type=\"widget\" data-widget_type=\"image.default\">\n\t\t\t\t<div class=\"elementor-widget-container\">\n\t\t\t\t\t\t\t\t\t\t\t\t\t\t\t<img loading=\"lazy\" decoding=\"async\" width=\"690\" height=\"502\" src=\"http:\/\/salonsendy.cz\/wp-content\/uploads\/2022\/02\/Certifikat8-1024x745.jpg\" class=\"attachment-large size-large wp-image-4638\" alt=\"\" srcset=\"http:\/\/salonsendy.cz\/wp-content\/uploads\/2022\/02\/Certifikat8-1024x745.jpg 1024w, http:\/\/salonsendy.cz\/wp-content\/uploads\/2022\/02\/Certifikat8-300x218.jpg 300w, http:\/\/salonsendy.cz\/wp-content\/uploads\/2022\/02\/Certifikat8-768x559.jpg 768w, http:\/\/salonsendy.cz\/wp-content\/uploads\/2022\/02\/Certifikat8.jpg 1237w\" sizes=\"(max-width: 690px) 100vw, 690px\" \/>\t\t\t\t\t\t\t\t\t\t\t\t\t\t\t<\/div>\n\t\t\t\t<\/div>\n\t\t\t\t\t<\/div>\n\t\t<\/div>\n\t\t\t\t\t<\/div>\n\t\t<\/section>\n\t\t\t\t<\/div>\n\t\t","protected":false},"excerpt":{"rendered":"<p>V\u00edtejte V SALONu SENDY O psy se zaj\u00edm\u00e1m od d\u011btstv\u00ed. Kdy\u017e mi bylo asi 10 let, ve \u0161kole jsme se u\u010dili, \u017ee ps\u00ed srst se skl\u00e1d\u00e1 z\u00a0pes\u00edk\u016f a podsady. P\u0159i\u0161la jsem dom\u016f a prohl\u00e9dla na\u0161eho pudl\u00edka, kter\u00fd m\u011bl jen jeden typ srsti. Pes\u00edky chyb\u011bly. U\u017e tehdy jsem si uv\u011bdomila, \u017ee m\u00e1me velk\u00e9 mno\u017estv\u00ed plemen, s\u00a0r\u016fzn\u00fdmi<br \/><a class=\"moretag\" href=\"https:\/\/salonsendy.cz\/\">+ Read More<\/a><\/p>\n","protected":false},"author":1,"featured_media":198,"parent":0,"menu_order":0,"comment_status":"closed","ping_status":"closed","template":"templates\/page-builder.php","meta":{"footnotes":""},"class_list":["post-4222","page","type-page","status-publish","has-post-thumbnail","hentry"],"_links":{"self":[{"href":"https:\/\/salonsendy.cz\/index.php\/wp-json\/wp\/v2\/pages\/4222","targetHints":{"allow":["GET"]}}],"collection":[{"href":"https:\/\/salonsendy.cz\/index.php\/wp-json\/wp\/v2\/pages"}],"about":[{"href":"https:\/\/salonsendy.cz\/index.php\/wp-json\/wp\/v2\/types\/page"}],"author":[{"embeddable":true,"href":"https:\/\/salonsendy.cz\/index.php\/wp-json\/wp\/v2\/users\/1"}],"replies":[{"embeddable":true,"href":"https:\/\/salonsendy.cz\/index.php\/wp-json\/wp\/v2\/comments?post=4222"}],"version-history":[{"count":37,"href":"https:\/\/salonsendy.cz\/index.php\/wp-json\/wp\/v2\/pages\/4222\/revisions"}],"predecessor-version":[{"id":4849,"href":"https:\/\/salonsendy.cz\/index.php\/wp-json\/wp\/v2\/pages\/4222\/revisions\/4849"}],"wp:featuredmedia":[{"embeddable":true,"href":"https:\/\/salonsendy.cz\/index.php\/wp-json\/wp\/v2\/media\/198"}],"wp:attachment":[{"href":"https:\/\/salonsendy.cz\/index.php\/wp-json\/wp\/v2\/media?parent=4222"}],"curies":[{"name":"wp","href":"https:\/\/api.w.org\/{rel}","templated":true}]}}