{"id":4657,"date":"2022-02-28T18:02:18","date_gmt":"2022-02-28T17:02:18","guid":{"rendered":"https:\/\/salonsendy.cz\/?page_id=4657"},"modified":"2022-03-25T14:50:39","modified_gmt":"2022-03-25T13:50:39","slug":"cesani-psa","status":"publish","type":"page","link":"https:\/\/salonsendy.cz\/index.php\/cesani-psa\/","title":{"rendered":"\u010ces\u00e1n\u00ed psa"},"content":{"rendered":"\n<p>Na \u00favod je t\u0159eba \u0159\u00edci, \u017ee na zacuchan\u00e9m psovi nikdy nevytvo\u0159\u00edme p\u011bkn\u00fd st\u0159ih. U dlouh\u00e9 srsti se sem tam &#8222;cuchanec&#8220; schov\u00e1, ale pokud do srsti vlo\u017e\u00edme n\u016f\u017eky, a chceme srst zast\u0159ihnout, tak jej odhal\u00edme.  D\u016fvod je ten, \u017ee se n\u00e1m srst cuch\u00e1 hlavn\u011b u k\u016f\u017ee. Krom hladkosrst\u00fdch a nahat\u00fdch plemen, je vhodn\u00e9 pravideln\u011b pro\u010des\u00e1vat v\u0161echna ps\u00ed plemena. <\/p>\n\n\n\n<figure class=\"wp-block-image size-medium\"><img fetchpriority=\"high\" decoding=\"async\" width=\"225\" height=\"300\" src=\"http:\/\/salonsendy.cz\/wp-content\/uploads\/2022\/02\/filc2-225x300.jpg\" alt=\"\" class=\"wp-image-4761\" srcset=\"https:\/\/salonsendy.cz\/wp-content\/uploads\/2022\/02\/filc2-225x300.jpg 225w, https:\/\/salonsendy.cz\/wp-content\/uploads\/2022\/02\/filc2-768x1024.jpg 768w, https:\/\/salonsendy.cz\/wp-content\/uploads\/2022\/02\/filc2.jpg 900w\" sizes=\"(max-width: 225px) 100vw, 225px\" \/><\/figure>\n\n\n\n<p>N\u011bkdy se &#8222;cuchance&#8220; tvo\u0159\u00ed na konci chlupu. D\u011bje se tak u jemn\u00e9 nebo rozt\u0159epen\u00e9 poni\u010den\u00e9 srsti. Tam pom\u016f\u017ee pravideln\u00e9 zast\u0159ih\u00e1v\u00e1n\u00ed kone\u010dk\u016f.<\/p>\n\n\n\n<figure class=\"wp-block-image size-large is-resized\"><img decoding=\"async\" src=\"http:\/\/salonsendy.cz\/wp-content\/uploads\/2022\/03\/uzliky-1024x888.jpg\" alt=\"\" class=\"wp-image-4880\" width=\"251\" height=\"217\" srcset=\"https:\/\/salonsendy.cz\/wp-content\/uploads\/2022\/03\/uzliky-1024x888.jpg 1024w, https:\/\/salonsendy.cz\/wp-content\/uploads\/2022\/03\/uzliky-300x260.jpg 300w, https:\/\/salonsendy.cz\/wp-content\/uploads\/2022\/03\/uzliky-768x666.jpg 768w, https:\/\/salonsendy.cz\/wp-content\/uploads\/2022\/03\/uzliky-1536x1332.jpg 1536w, https:\/\/salonsendy.cz\/wp-content\/uploads\/2022\/03\/uzliky.jpg 1745w\" sizes=\"(max-width: 251px) 100vw, 251px\" \/><\/figure>\n\n\n\n<p><strong><em>Jak tedy \u010desat?<\/em><\/strong><br>Psa \u010de\u0161eme po jednotliv\u00fdch vrstv\u00e1ch srsti, tak abychom vid\u011bli k\u016f\u017ei psa. Je t\u0159eba p\u0159edch\u00e1zet tvorb\u011b cuchanc\u016f a filc\u016f. Pokud se n\u00e1m pes zacuch\u00e1, roz\u010des\u00e1v\u00e1n\u00ed je psovi nep\u0159\u00edjemn\u00e9 a pak se \u010dasto st\u00e1v\u00e1, \u017ee pes se h\u0159ebenu boj\u00ed a \u010des\u00e1n\u00ed se br\u00e1n\u00ed. Tak\u00e9 jakmile se vytvo\u0159\u00ed &#8222;cuchanec, kter\u00fd se sna\u017e\u00edme roz\u010desat chlup naru\u0161\u00edme a pak se cuch\u00e1 v\u00edce. S nads\u00e1zkou lze \u0159\u00edci, \u017ee filc m\u00e1 pam\u011b\u0165 a pamatuje si dob\u0159e, kde byl \ud83d\ude42 . Tomu je nutn\u00e9 p\u0159edej\u00edt spr\u00e1vn\u00fdm \u010des\u00e1n\u00edm. U plemen, kter\u00e1 se upravuj\u00ed st\u0159ihem, lze hodn\u011b zacuchan\u00e9ho psa v nejhor\u0161\u00edm p\u0159\u00edpad\u011b oholit, u plemen s podsadou zacuchan\u00fd pes vy\u017eaduje hodn\u011b \u010dasu a trp\u011blivosti p\u0159i roz\u010des\u00e1v\u00e1n\u00ed.<\/p>\n\n\n\n<figure class=\"wp-block-image size-medium\"><img decoding=\"async\" width=\"244\" height=\"300\" src=\"http:\/\/salonsendy.cz\/wp-content\/uploads\/2022\/02\/cesani-244x300.jpg\" alt=\"\" class=\"wp-image-4744\" srcset=\"https:\/\/salonsendy.cz\/wp-content\/uploads\/2022\/02\/cesani-244x300.jpg 244w, https:\/\/salonsendy.cz\/wp-content\/uploads\/2022\/02\/cesani-833x1024.jpg 833w, https:\/\/salonsendy.cz\/wp-content\/uploads\/2022\/02\/cesani-768x945.jpg 768w, https:\/\/salonsendy.cz\/wp-content\/uploads\/2022\/02\/cesani.jpg 900w\" sizes=\"(max-width: 244px) 100vw, 244px\" \/><figcaption>\u010ces\u00e1n\u00ed srsti po vrstv\u00e1ch<\/figcaption><\/figure>\n\n\n\n<p>V dne\u0161n\u00ed dob\u011b existuj\u00ed bezoplachov\u00e9 roz\u010des\u00e1va\u0161e i na na\u0161e ps\u00ed kamar\u00e1dy. Odborn\u011b se j\u00edm \u0159\u00edk\u00e1 detanglery. Koupit se daj\u00ed na internetu nebo ve ps\u00edch salonech. Hodn\u011b n\u00e1m usnadn\u00ed n\u00e1m pr\u00e1ci, av\u0161ak je t\u0159eba m\u00edt na pam\u011bti, \u017ee ji za n\u00e1s neud\u011blaj\u00ed i tak mus\u00edme vz\u00edt h\u0159eben\/kart\u00e1\u010d do ruky.<\/p>\n\n\n\n<figure class=\"wp-block-image size-medium\"><img loading=\"lazy\" decoding=\"async\" width=\"225\" height=\"300\" src=\"http:\/\/salonsendy.cz\/wp-content\/uploads\/2022\/03\/rozcesavac-225x300.jpg\" alt=\"\" class=\"wp-image-4892\" srcset=\"https:\/\/salonsendy.cz\/wp-content\/uploads\/2022\/03\/rozcesavac-225x300.jpg 225w, https:\/\/salonsendy.cz\/wp-content\/uploads\/2022\/03\/rozcesavac.jpg 750w\" sizes=\"(max-width: 225px) 100vw, 225px\" \/><\/figure>\n\n\n\n<p><strong><em>\u010c\u00edm \u010desat?<\/em><\/strong><br>Nej\u010dast\u011bji pou\u017e\u00edv\u00e1me na del\u0161\u00ed srst dr\u00e1tkov\u00fd kart\u00e1\u010d tzv. &#8222;slicker&#8220; ten samotn\u00fd v\u0161ak nesta\u010d\u00ed. T\u00edm srst u\u010de\u0161eme tj. vlo\u017e\u00edme do srsti (nikoli jen na srst) a t\u00e1hneme. Jemn\u011b, trp\u011bliv\u011b a opakovan\u011b. Pot\u00e9 mus\u00edme zkontrolovat zda je srst opravdu roz\u010desan\u00e1, chlupy jednotliv\u011b odd\u011blen\u00e9 a to zkontrolujeme pr\u00e1v\u011b kovov\u00fdm h\u0159ebenem. <br>Na nap\u011bstov\u00e1n\u00ed del\u0161\u00ed srsti pou\u017e\u00edv\u00e1me pin kart\u00e1\u010d, ten je v\u0161ak vhodn\u00fd tehdy pokud u\u017e um\u00edme psa roz\u010desat a netvo\u0159\u00ed se n\u00e1m filce. <br>Na kr\u00e1tkosrst\u00e9 psy s podsadu je vhodn\u00fd furmin\u00e1tor.  Na n\u011bkter\u00e1 plemena pou\u017e\u00edv\u00e1me vy\u010des\u00e1vac\u00ed hrabi\u010dky.  Pozor b\u00fdvaj\u00ed ostr\u00e9! Nejl\u00e9pe v\u00e1m porad\u00ed v ps\u00edm salonu, proto\u017ee zde pracuj\u00ed se ps\u00ed srst\u00ed ka\u017edodenn\u011b.<\/p>\n\n\n\n<figure class=\"wp-block-image size-medium\"><img loading=\"lazy\" decoding=\"async\" width=\"300\" height=\"225\" src=\"http:\/\/salonsendy.cz\/wp-content\/uploads\/2022\/03\/hrebeny-300x225.jpg\" alt=\"\" class=\"wp-image-4825\" srcset=\"https:\/\/salonsendy.cz\/wp-content\/uploads\/2022\/03\/hrebeny-300x225.jpg 300w, https:\/\/salonsendy.cz\/wp-content\/uploads\/2022\/03\/hrebeny-768x576.jpg 768w, https:\/\/salonsendy.cz\/wp-content\/uploads\/2022\/03\/hrebeny.jpg 900w\" sizes=\"(max-width: 300px) 100vw, 300px\" \/><\/figure>\n\n\n\n<p><strong><em>Kdy \u010desat? <\/em><\/strong><br>Od jednou DENN\u011a a\u017e po jednou za m\u011bs\u00edc a\u017e dva. Zase z\u00e1le\u017e\u00ed na plemeni a typu srsti, srst jemn\u00e1 jako vata  nebo srst zni\u010den\u00e1 se cuch\u00e1 v\u00edce a mus\u00ed se \u010dast\u011bji \u010desat. Velk\u00fd d\u016fraz klademe na \u010des\u00e1n\u00ed v dob\u011b dosp\u00edv\u00e1n\u00ed psa, kdy pes m\u011bn\u00ed \u0161t\u011bn\u011b\u010d\u00ed srst za dosp\u011blou. U mal\u00fdch plemen cca od 4 m\u011bs\u00edc\u016f, u velk\u00fdch cca od 8 m\u011bs\u00edc\u016f. <br>Tak\u00e9 z\u00e1le\u017e\u00ed na tom, kde se pes pohybuje. Chod\u00edme-li se psem s del\u0161\u00ed srst\u00ed do lesa, tak mus\u00edme \u010desat \u010dast\u011bji ne\u017e psa, kter\u00fd se pohybuje jen na anglick\u00e9m tr\u00e1vn\u00edku na zahrad\u011b. D\u00e1le feny p\u0159ed h\u00e1r\u00e1n\u00edm se tak\u00e9 v\u00edce cuchaj\u00ed.  <br>Je t\u0159eba si uv\u011bdomit, \u017ee i pudl sv\u00fdm zp\u016fsobem l\u00edn\u00e1. Pouze mrtv\u00e1 srst nepad\u00e1 na zem, ale z\u016fstane v srsti a my j\u00ed mus\u00edme vy\u010desat. Za l\u00e9ta praxe jsem vypozorovala, \u017ee na ja\u0159e se v\u00edce cuchaj\u00ed v\u0161ichni psi s del\u0161\u00ed srst\u00ed. Tak\u00e9, kdy\u017e je mr\u00e1z, srst psa v\u00edce elektrizuje, a v tomto obdob\u00ed mus\u00edme vz\u00edt do ruky t\u00e9\u017e h\u0159eben \u010dast\u011bji. Tak\u017ee frekvence \u010desan\u00ed je opravdu individu\u00e1ln\u00ed z\u00e1le\u017eitost. Pokud \u010de\u0161eme psa a za 14 dn\u00ed nem\u00e1me na kart\u00e1\u010di nebo h\u0159ebenu \u017e\u00e1dn\u00fd vy\u010desan\u00fd chlup, d\u011bl\u00e1me to \u0161patn\u011b. Nebojte se zeptat v salonu, v\u0161ude r\u00e1di porad\u00ed a uk\u00e1\u017e\u00ed jako na to.<\/p>\n\n\n\n<p><em><strong>\u00daprava neroz\u010desan\u00e9ho psa<\/strong><\/em><\/p>\n\n\n\n<p>Ost\u0159\u00edh\u00e1me-li chlupy, kde je u k\u016f\u017ee srst nekvalitn\u011b roz\u010desan\u00e1, pes na prvn\u00ed pohled vypad\u00e1 upraven\u011b. Ale druh\u00fd den, uvoln\u011bn\u00e1 star\u00e1 srst ze spodu vyleze a pes vypad\u00e1 h\u016f\u0159e ne\u017e p\u0159ed n\u00e1v\u0161t\u011bvou salonu. Pak nezb\u00fdv\u00e1 ne\u017e psa opravdu po\u0159\u00e1dn\u011b vy\u010desat, p\u0159ekoupat v kvalitn\u00edm \u0161amponu a ost\u0159\u00edhat znova. Pro\u010d to nejde napoprv\u00e9? Proto\u017ee nevy\u010desanan\u00e1 odum\u0159el\u00e1 srst povolila a\u017e po pou\u017e\u00edt\u00ed kodicioneru. Je to dob\u0159e vid\u011bt n\u00ed\u017ee na noze \u010dern\u00e9ho pudl\u00edka. Krepat\u00e1 srst na druh\u00e9m obr\u00e1zku je nevy\u010desan\u00e1 &#8222;mrtv\u00e1&#8220; srst. (N\u011bkdy jsou filce tak tvrd\u00e9 a koup\u00e1n\u00edm se je\u0161t\u011b v\u00edce &#8222;utemuj\u00ed&#8220; a psa je nutno oholit cel\u00e9ho.)<\/p>\n\n\n\n<figure class=\"wp-block-gallery has-nested-images columns-default is-cropped wp-block-gallery-1 is-layout-flex wp-block-gallery-is-layout-flex\">\n<figure class=\"wp-block-image size-large\"><img loading=\"lazy\" decoding=\"async\" width=\"515\" height=\"800\" data-id=\"4907\" src=\"http:\/\/salonsendy.cz\/wp-content\/uploads\/2022\/03\/noha2.jpg\" alt=\"\" class=\"wp-image-4907\" srcset=\"https:\/\/salonsendy.cz\/wp-content\/uploads\/2022\/03\/noha2.jpg 515w, https:\/\/salonsendy.cz\/wp-content\/uploads\/2022\/03\/noha2-193x300.jpg 193w\" sizes=\"(max-width: 515px) 100vw, 515px\" \/><figcaption>V salonu<\/figcaption><\/figure>\n\n\n\n<figure class=\"wp-block-image size-large\"><img loading=\"lazy\" decoding=\"async\" width=\"523\" height=\"800\" data-id=\"4906\" src=\"http:\/\/salonsendy.cz\/wp-content\/uploads\/2022\/03\/noha.jpg\" alt=\"\" class=\"wp-image-4906\" srcset=\"https:\/\/salonsendy.cz\/wp-content\/uploads\/2022\/03\/noha.jpg 523w, https:\/\/salonsendy.cz\/wp-content\/uploads\/2022\/03\/noha-196x300.jpg 196w\" sizes=\"(max-width: 523px) 100vw, 523px\" \/><figcaption>Druh\u00fd den po n\u00e1v\u0161t\u011bv\u011b salonu<\/figcaption><\/figure>\n\n\n\n<figure class=\"wp-block-image size-large\"><img loading=\"lazy\" decoding=\"async\" width=\"690\" height=\"800\" data-id=\"4908\" src=\"http:\/\/salonsendy.cz\/wp-content\/uploads\/2022\/03\/noha3.jpg\" alt=\"\" class=\"wp-image-4908\" srcset=\"https:\/\/salonsendy.cz\/wp-content\/uploads\/2022\/03\/noha3.jpg 690w, https:\/\/salonsendy.cz\/wp-content\/uploads\/2022\/03\/noha3-259x300.jpg 259w\" sizes=\"(max-width: 690px) 100vw, 690px\" \/><figcaption>Odum\u0159el\u00e1 srst se postupn\u011b uvol\u0148uje<\/figcaption><\/figure>\n<\/figure>\n\n\n\n<div class=\"wp-block-group\"><div class=\"wp-block-group__inner-container is-layout-flow wp-block-group-is-layout-flow\">\n<figure class=\"wp-block-gallery has-nested-images columns-default is-cropped wp-block-gallery-2 is-layout-flex wp-block-gallery-is-layout-flex\">\n<figure class=\"wp-block-image size-large\"><img loading=\"lazy\" decoding=\"async\" width=\"675\" height=\"900\" data-id=\"4703\" src=\"http:\/\/salonsendy.cz\/wp-content\/uploads\/2022\/02\/filce.jpg\" alt=\"\" class=\"wp-image-4703\" srcset=\"https:\/\/salonsendy.cz\/wp-content\/uploads\/2022\/02\/filce.jpg 675w, https:\/\/salonsendy.cz\/wp-content\/uploads\/2022\/02\/filce-225x300.jpg 225w\" sizes=\"(max-width: 675px) 100vw, 675px\" \/><figcaption>srst u\u010desan\u00e1 jen na konci, kde srst u\u017e nelze zachr\u00e1nit<\/figcaption><\/figure>\n\n\n\n<figure class=\"wp-block-image size-large\"><img loading=\"lazy\" decoding=\"async\" width=\"900\" height=\"1200\" data-id=\"4780\" src=\"http:\/\/salonsendy.cz\/wp-content\/uploads\/2022\/03\/filce3.jpg\" alt=\"\" class=\"wp-image-4780\" srcset=\"https:\/\/salonsendy.cz\/wp-content\/uploads\/2022\/03\/filce3.jpg 900w, https:\/\/salonsendy.cz\/wp-content\/uploads\/2022\/03\/filce3-225x300.jpg 225w, https:\/\/salonsendy.cz\/wp-content\/uploads\/2022\/03\/filce3-768x1024.jpg 768w\" sizes=\"(max-width: 900px) 100vw, 900px\" \/><figcaption>zni\u010den\u00e1 a zacuchan\u00e1 srst u k\u016f\u017ee<\/figcaption><\/figure>\n\n\n\n<figure class=\"wp-block-image size-large\"><img loading=\"lazy\" decoding=\"async\" width=\"700\" height=\"933\" data-id=\"4885\" src=\"http:\/\/salonsendy.cz\/wp-content\/uploads\/2022\/03\/krepatasrst-1.jpg\" alt=\"\" class=\"wp-image-4885\" srcset=\"https:\/\/salonsendy.cz\/wp-content\/uploads\/2022\/03\/krepatasrst-1.jpg 700w, https:\/\/salonsendy.cz\/wp-content\/uploads\/2022\/03\/krepatasrst-1-225x300.jpg 225w\" sizes=\"(max-width: 700px) 100vw, 700px\" \/><figcaption>poni\u010den\u00e9 konce chlup\u016f<\/figcaption><\/figure>\n<\/figure>\n<\/div><\/div>\n\n\n\n<p><\/p>\n","protected":false},"excerpt":{"rendered":"<p>Na \u00favod je t\u0159eba \u0159\u00edci, \u017ee na zacuchan\u00e9m psovi nikdy nevytvo\u0159\u00edme p\u011bkn\u00fd st\u0159ih. U dlouh\u00e9 srsti se sem tam &#8222;cuchanec&#8220; schov\u00e1, ale pokud do srsti vlo\u017e\u00edme n\u016f\u017eky, a chceme srst zast\u0159ihnout, tak jej odhal\u00edme. D\u016fvod je ten, \u017ee se n\u00e1m srst cuch\u00e1 hlavn\u011b u k\u016f\u017ee. Krom hladkosrst\u00fdch a nahat\u00fdch plemen, je vhodn\u00e9 pravideln\u011b pro\u010des\u00e1vat v\u0161echna<br \/><a class=\"moretag\" href=\"https:\/\/salonsendy.cz\/index.php\/cesani-psa\/\">+ Read More<\/a><\/p>\n","protected":false},"author":2,"featured_media":0,"parent":0,"menu_order":0,"comment_status":"closed","ping_status":"closed","template":"templates\/page-nosidebar_template.php","meta":{"footnotes":""},"class_list":["post-4657","page","type-page","status-publish","hentry"],"_links":{"self":[{"href":"https:\/\/salonsendy.cz\/index.php\/wp-json\/wp\/v2\/pages\/4657","targetHints":{"allow":["GET"]}}],"collection":[{"href":"https:\/\/salonsendy.cz\/index.php\/wp-json\/wp\/v2\/pages"}],"about":[{"href":"https:\/\/salonsendy.cz\/index.php\/wp-json\/wp\/v2\/types\/page"}],"author":[{"embeddable":true,"href":"https:\/\/salonsendy.cz\/index.php\/wp-json\/wp\/v2\/users\/2"}],"replies":[{"embeddable":true,"href":"https:\/\/salonsendy.cz\/index.php\/wp-json\/wp\/v2\/comments?post=4657"}],"version-history":[{"count":38,"href":"https:\/\/salonsendy.cz\/index.php\/wp-json\/wp\/v2\/pages\/4657\/revisions"}],"predecessor-version":[{"id":4919,"href":"https:\/\/salonsendy.cz\/index.php\/wp-json\/wp\/v2\/pages\/4657\/revisions\/4919"}],"wp:attachment":[{"href":"https:\/\/salonsendy.cz\/index.php\/wp-json\/wp\/v2\/media?parent=4657"}],"curies":[{"name":"wp","href":"https:\/\/api.w.org\/{rel}","templated":true}]}}